{"id":450,"date":"2025-03-13T15:07:54","date_gmt":"2025-03-13T15:07:54","guid":{"rendered":"https:\/\/www.pklaw.se\/sv\/?page_id=450"},"modified":"2025-04-16T13:49:53","modified_gmt":"2025-04-16T13:49:53","slug":"eloise-reyes","status":"publish","type":"page","link":"https:\/\/www.pklaw.se\/sv\/eloise-reyes\/","title":{"rendered":"Eloise Reyes"},"content":{"rendered":"\t\t<div data-elementor-type=\"wp-page\" data-elementor-id=\"450\" class=\"elementor elementor-450\" data-elementor-settings=\"{&quot;ha_cmc_init_switcher&quot;:&quot;no&quot;}\">\n\t\t\t\t\t\t<section class=\"elementor-section elementor-top-section elementor-element elementor-element-78efc432 elementor-section-height-min-height elementor-section-boxed elementor-section-height-default elementor-section-items-middle\" data-id=\"78efc432\" data-element_type=\"section\" data-e-type=\"section\" data-settings=\"{&quot;background_background&quot;:&quot;classic&quot;,&quot;_ha_eqh_enable&quot;:false}\">\n\t\t\t\t\t\t\t<div class=\"elementor-background-overlay\"><\/div>\n\t\t\t\t\t\t\t<div class=\"elementor-container elementor-column-gap-default\">\n\t\t\t\t\t<div class=\"elementor-column elementor-col-33 elementor-top-column elementor-element elementor-element-41e435ea elementor-hidden-mobile\" data-id=\"41e435ea\" data-element_type=\"column\" data-e-type=\"column\">\n\t\t\t<div class=\"elementor-widget-wrap\">\n\t\t\t\t\t\t\t<\/div>\n\t\t<\/div>\n\t\t\t\t<div class=\"elementor-column elementor-col-33 elementor-top-column elementor-element elementor-element-2d080be5\" data-id=\"2d080be5\" data-element_type=\"column\" data-e-type=\"column\" data-settings=\"{&quot;background_background&quot;:&quot;classic&quot;}\">\n\t\t\t<div class=\"elementor-widget-wrap elementor-element-populated\">\n\t\t\t\t\t\t<div class=\"elementor-element elementor-element-6b146d0d elementor-widget elementor-widget-heading\" data-id=\"6b146d0d\" data-element_type=\"widget\" data-e-type=\"widget\" data-widget_type=\"heading.default\">\n\t\t\t\t<div class=\"elementor-widget-container\">\n\t\t\t\t\t<h1 class=\"elementor-heading-title elementor-size-default\">Associate Eloise Reyes<\/h1>\t\t\t\t<\/div>\n\t\t\t\t<\/div>\n\t\t\t\t\t<\/div>\n\t\t<\/div>\n\t\t\t\t<div class=\"elementor-column elementor-col-33 elementor-top-column elementor-element elementor-element-3f9d1da5 elementor-hidden-mobile\" data-id=\"3f9d1da5\" data-element_type=\"column\" data-e-type=\"column\">\n\t\t\t<div class=\"elementor-widget-wrap\">\n\t\t\t\t\t\t\t<\/div>\n\t\t<\/div>\n\t\t\t\t\t<\/div>\n\t\t<\/section>\n\t\t\t\t<section class=\"elementor-section elementor-top-section elementor-element elementor-element-3d865ca9 elementor-section-boxed elementor-section-height-default elementor-section-height-default\" data-id=\"3d865ca9\" data-element_type=\"section\" data-e-type=\"section\" data-settings=\"{&quot;_ha_eqh_enable&quot;:false}\">\n\t\t\t\t\t\t<div class=\"elementor-container elementor-column-gap-default\">\n\t\t\t\t\t<div class=\"elementor-column elementor-col-100 elementor-top-column elementor-element elementor-element-570c99e7\" data-id=\"570c99e7\" data-element_type=\"column\" data-e-type=\"column\">\n\t\t\t<div class=\"elementor-widget-wrap elementor-element-populated\">\n\t\t\t\t\t\t<section class=\"elementor-section elementor-inner-section elementor-element elementor-element-abce785 elementor-section-boxed elementor-section-height-default elementor-section-height-default\" data-id=\"abce785\" data-element_type=\"section\" data-e-type=\"section\" data-settings=\"{&quot;_ha_eqh_enable&quot;:false}\">\n\t\t\t\t\t\t<div class=\"elementor-container elementor-column-gap-default\">\n\t\t\t\t\t<div class=\"elementor-column elementor-col-50 elementor-inner-column elementor-element elementor-element-189fd121\" data-id=\"189fd121\" data-element_type=\"column\" data-e-type=\"column\">\n\t\t\t<div class=\"elementor-widget-wrap elementor-element-populated\">\n\t\t\t\t\t\t<div class=\"elementor-element elementor-element-bf33413 anchor elementor-widget elementor-widget-menu-anchor\" data-id=\"bf33413\" data-element_type=\"widget\" data-e-type=\"widget\" data-widget_type=\"menu-anchor.default\">\n\t\t\t\t<div class=\"elementor-widget-container\">\n\t\t\t\t\t\t\t<div class=\"elementor-menu-anchor\" id=\"aa\"><\/div>\n\t\t\t\t\t\t<\/div>\n\t\t\t\t<\/div>\n\t\t\t\t<div class=\"elementor-element elementor-element-a1d6093 elementor-hidden-desktop elementor-hidden-tablet elementor-widget elementor-widget-heading\" data-id=\"a1d6093\" data-element_type=\"widget\" data-e-type=\"widget\" data-widget_type=\"heading.default\">\n\t\t\t\t<div class=\"elementor-widget-container\">\n\t\t\t\t\t<h2 class=\"elementor-heading-title elementor-size-default\">M\u00f6t Associate Eloise Reyes<\/h2>\t\t\t\t<\/div>\n\t\t\t\t<\/div>\n\t\t\t\t<div class=\"elementor-element elementor-element-4606419e elementor-invisible elementor-widget elementor-widget-image\" data-id=\"4606419e\" data-element_type=\"widget\" data-e-type=\"widget\" data-settings=\"{&quot;_animation&quot;:&quot;fadeInUp&quot;}\" data-widget_type=\"image.default\">\n\t\t\t\t<div class=\"elementor-widget-container\">\n\t\t\t\t\t\t\t\t\t\t\t\t\t\t\t<img decoding=\"async\" src=\"https:\/\/www.pklaw.se\/sv\/wp-content\/uploads\/2025\/03\/DSC05645_500x722.jpg\" title=\"\" alt=\"\" loading=\"lazy\" \/>\t\t\t\t\t\t\t\t\t\t\t\t\t\t\t<\/div>\n\t\t\t\t<\/div>\n\t\t\t\t\t<\/div>\n\t\t<\/div>\n\t\t\t\t<div class=\"elementor-column elementor-col-50 elementor-inner-column elementor-element elementor-element-a7f53d4\" data-id=\"a7f53d4\" data-element_type=\"column\" data-e-type=\"column\">\n\t\t\t<div class=\"elementor-widget-wrap elementor-element-populated\">\n\t\t\t\t\t\t<div class=\"elementor-element elementor-element-5c4b18a8 elementor-hidden-mobile elementor-widget elementor-widget-heading\" data-id=\"5c4b18a8\" data-element_type=\"widget\" data-e-type=\"widget\" data-widget_type=\"heading.default\">\n\t\t\t\t<div class=\"elementor-widget-container\">\n\t\t\t\t\t<h2 class=\"elementor-heading-title elementor-size-default\">M\u00f6t Associate Eloise Reyes<\/h2>\t\t\t\t<\/div>\n\t\t\t\t<\/div>\n\t\t\t\t<div class=\"elementor-element elementor-element-52d8c5e3 elementor-widget elementor-widget-text-editor\" data-id=\"52d8c5e3\" data-element_type=\"widget\" data-e-type=\"widget\" data-widget_type=\"text-editor.default\">\n\t\t\t\t<div class=\"elementor-widget-container\">\n\t\t\t\t\t\t\t\t\t<p><span data-teams=\"true\">Eloise har erfarenhet av tvistel\u00f6sning och skadest\u00e5ndsr\u00e4tt fr\u00e5n tidigare arbete p\u00e5 advokatbyr\u00e5 och Ellevio AB.\u00a0<\/span><\/p><p>Eloise har \u00e4ven varit anst\u00e4lld p\u00e5 Migrationsverket och Kontoret f\u00f6r FN:s h\u00f6gkommissarie f\u00f6r m\u00e4nskliga r\u00e4ttigheter samt praktikant p\u00e5 Asylr\u00e4ttscentrum.<\/p><p>Erfarenhet i styrelsen f\u00f6r European Law Students\u2019 association Ume\u00e5.<\/p><p>Anst\u00e4lld vid Advokarfirman Per Karlsson &amp; Co sedan 2025.<\/p>\t\t\t\t\t\t\t\t<\/div>\n\t\t\t\t<\/div>\n\t\t\t\t\t<\/div>\n\t\t<\/div>\n\t\t\t\t\t<\/div>\n\t\t<\/section>\n\t\t\t\t\t<\/div>\n\t\t<\/div>\n\t\t\t\t\t<\/div>\n\t\t<\/section>\n\t\t\t\t<section class=\"elementor-section elementor-top-section elementor-element elementor-element-31035ccb elementor-section-boxed elementor-section-height-default elementor-section-height-default\" data-id=\"31035ccb\" data-element_type=\"section\" data-e-type=\"section\" data-settings=\"{&quot;_ha_eqh_enable&quot;:false}\">\n\t\t\t\t\t\t<div class=\"elementor-container elementor-column-gap-default\">\n\t\t\t\t\t<div class=\"elementor-column elementor-col-50 elementor-top-column elementor-element elementor-element-fd0c8a5\" data-id=\"fd0c8a5\" data-element_type=\"column\" data-e-type=\"column\">\n\t\t\t<div class=\"elementor-widget-wrap elementor-element-populated\">\n\t\t\t\t\t\t<div class=\"elementor-element elementor-element-5e2baeb elementor-widget elementor-widget-heading\" data-id=\"5e2baeb\" data-element_type=\"widget\" data-e-type=\"widget\" data-widget_type=\"heading.default\">\n\t\t\t\t<div class=\"elementor-widget-container\">\n\t\t\t\t\t<h2 class=\"elementor-heading-title elementor-size-default\">Utbildning<\/h2>\t\t\t\t<\/div>\n\t\t\t\t<\/div>\n\t\t\t\t<div class=\"elementor-element elementor-element-95ce177 elementor-icon-list--layout-traditional elementor-list-item-link-full_width elementor-widget elementor-widget-icon-list\" data-id=\"95ce177\" data-element_type=\"widget\" data-e-type=\"widget\" data-widget_type=\"icon-list.default\">\n\t\t\t\t<div class=\"elementor-widget-container\">\n\t\t\t\t\t\t\t<ul class=\"elementor-icon-list-items\">\n\t\t\t\t\t\t\t<li class=\"elementor-icon-list-item\">\n\t\t\t\t\t\t\t\t\t\t\t<span class=\"elementor-icon-list-icon\">\n\t\t\t\t\t\t\t<i aria-hidden=\"true\" class=\"fas fa-dot-circle\"><\/i>\t\t\t\t\t\t<\/span>\n\t\t\t\t\t\t\t\t\t\t<span class=\"elementor-icon-list-text\">Ume\u00e5 universitet, jur kand, 2023<\/span>\n\t\t\t\t\t\t\t\t\t<\/li>\n\t\t\t\t\t\t<\/ul>\n\t\t\t\t\t\t<\/div>\n\t\t\t\t<\/div>\n\t\t\t\t<div class=\"elementor-element elementor-element-26c407eb elementor-widget elementor-widget-heading\" data-id=\"26c407eb\" data-element_type=\"widget\" data-e-type=\"widget\" data-widget_type=\"heading.default\">\n\t\t\t\t<div class=\"elementor-widget-container\">\n\t\t\t\t\t<h2 class=\"elementor-heading-title elementor-size-default\">Spr\u00e5k<\/h2>\t\t\t\t<\/div>\n\t\t\t\t<\/div>\n\t\t\t\t<div class=\"elementor-element elementor-element-706884a4 elementor-icon-list--layout-traditional elementor-list-item-link-full_width elementor-widget elementor-widget-icon-list\" data-id=\"706884a4\" data-element_type=\"widget\" data-e-type=\"widget\" data-widget_type=\"icon-list.default\">\n\t\t\t\t<div class=\"elementor-widget-container\">\n\t\t\t\t\t\t\t<ul class=\"elementor-icon-list-items\">\n\t\t\t\t\t\t\t<li class=\"elementor-icon-list-item\">\n\t\t\t\t\t\t\t\t\t\t\t<span class=\"elementor-icon-list-icon\">\n\t\t\t\t\t\t\t<i aria-hidden=\"true\" class=\"fas fa-dot-circle\"><\/i>\t\t\t\t\t\t<\/span>\n\t\t\t\t\t\t\t\t\t\t<span class=\"elementor-icon-list-text\">Svenska<\/span>\n\t\t\t\t\t\t\t\t\t<\/li>\n\t\t\t\t\t\t\t\t<li class=\"elementor-icon-list-item\">\n\t\t\t\t\t\t\t\t\t\t\t<span class=\"elementor-icon-list-icon\">\n\t\t\t\t\t\t\t<i aria-hidden=\"true\" class=\"fas fa-dot-circle\"><\/i>\t\t\t\t\t\t<\/span>\n\t\t\t\t\t\t\t\t\t\t<span class=\"elementor-icon-list-text\">Spanska<\/span>\n\t\t\t\t\t\t\t\t\t<\/li>\n\t\t\t\t\t\t\t\t<li class=\"elementor-icon-list-item\">\n\t\t\t\t\t\t\t\t\t\t\t<span class=\"elementor-icon-list-icon\">\n\t\t\t\t\t\t\t<i aria-hidden=\"true\" class=\"fas fa-dot-circle\"><\/i>\t\t\t\t\t\t<\/span>\n\t\t\t\t\t\t\t\t\t\t<span class=\"elementor-icon-list-text\">Engelska<\/span>\n\t\t\t\t\t\t\t\t\t<\/li>\n\t\t\t\t\t\t<\/ul>\n\t\t\t\t\t\t<\/div>\n\t\t\t\t<\/div>\n\t\t\t\t<div class=\"elementor-element elementor-element-2188aa75 elementor-widget elementor-widget-heading\" data-id=\"2188aa75\" data-element_type=\"widget\" data-e-type=\"widget\" data-widget_type=\"heading.default\">\n\t\t\t\t<div class=\"elementor-widget-container\">\n\t\t\t\t\t<h2 class=\"elementor-heading-title elementor-size-default\">Kontakt<\/h2>\t\t\t\t<\/div>\n\t\t\t\t<\/div>\n\t\t\t\t<div class=\"elementor-element elementor-element-255ef35d elementor-icon-list--layout-traditional elementor-list-item-link-full_width elementor-widget elementor-widget-icon-list\" data-id=\"255ef35d\" data-element_type=\"widget\" data-e-type=\"widget\" data-widget_type=\"icon-list.default\">\n\t\t\t\t<div class=\"elementor-widget-container\">\n\t\t\t\t\t\t\t<ul class=\"elementor-icon-list-items\">\n\t\t\t\t\t\t\t<li class=\"elementor-icon-list-item\">\n\t\t\t\t\t\t\t\t\t\t\t<a href=\"mailto:er@pklaw.se\">\n\n\t\t\t\t\t\t\t\t\t\t\t\t<span class=\"elementor-icon-list-icon\">\n\t\t\t\t\t\t\t<i aria-hidden=\"true\" class=\"fas fa-envelope\"><\/i>\t\t\t\t\t\t<\/span>\n\t\t\t\t\t\t\t\t\t\t<span class=\"elementor-icon-list-text\">er@pklaw.se<\/span>\n\t\t\t\t\t\t\t\t\t\t\t<\/a>\n\t\t\t\t\t\t\t\t\t<\/li>\n\t\t\t\t\t\t\t\t<li class=\"elementor-icon-list-item\">\n\t\t\t\t\t\t\t\t\t\t\t<a href=\"http:\/\/+46%2072%20394%2040%2017\">\n\n\t\t\t\t\t\t\t\t\t\t\t\t<span class=\"elementor-icon-list-icon\">\n\t\t\t\t\t\t\t<i aria-hidden=\"true\" class=\"fas fa-phone-alt\"><\/i>\t\t\t\t\t\t<\/span>\n\t\t\t\t\t\t\t\t\t\t<span class=\"elementor-icon-list-text\">+46 72 394 40 17<\/span>\n\t\t\t\t\t\t\t\t\t\t\t<\/a>\n\t\t\t\t\t\t\t\t\t<\/li>\n\t\t\t\t\t\t<\/ul>\n\t\t\t\t\t\t<\/div>\n\t\t\t\t<\/div>\n\t\t\t\t\t<\/div>\n\t\t<\/div>\n\t\t\t\t<div class=\"elementor-column elementor-col-50 elementor-top-column elementor-element elementor-element-39ad50bb\" data-id=\"39ad50bb\" data-element_type=\"column\" data-e-type=\"column\">\n\t\t\t<div class=\"elementor-widget-wrap elementor-element-populated\">\n\t\t\t\t\t\t<div class=\"elementor-element elementor-element-1e5a439b elementor-widget elementor-widget-heading\" data-id=\"1e5a439b\" data-element_type=\"widget\" data-e-type=\"widget\" data-widget_type=\"heading.default\">\n\t\t\t\t<div class=\"elementor-widget-container\">\n\t\t\t\t\t<h2 class=\"elementor-heading-title elementor-size-default\">Expertis<\/h2>\t\t\t\t<\/div>\n\t\t\t\t<\/div>\n\t\t\t\t<div class=\"elementor-element elementor-element-405a1980 elementor-widget__width-initial elementor-icon-list--layout-traditional elementor-list-item-link-full_width elementor-widget elementor-widget-icon-list\" data-id=\"405a1980\" data-element_type=\"widget\" data-e-type=\"widget\" data-widget_type=\"icon-list.default\">\n\t\t\t\t<div class=\"elementor-widget-container\">\n\t\t\t\t\t\t\t<ul class=\"elementor-icon-list-items\">\n\t\t\t\t\t\t\t<li class=\"elementor-icon-list-item\">\n\t\t\t\t\t\t\t\t\t\t\t<span class=\"elementor-icon-list-icon\">\n\t\t\t\t\t\t\t<i aria-hidden=\"true\" class=\"fas fa-dot-circle\"><\/i>\t\t\t\t\t\t<\/span>\n\t\t\t\t\t\t\t\t\t\t<span class=\"elementor-icon-list-text\">Konkurrensr\u00e4tt <\/span>\n\t\t\t\t\t\t\t\t\t<\/li>\n\t\t\t\t\t\t\t\t<li class=\"elementor-icon-list-item\">\n\t\t\t\t\t\t\t\t\t\t\t<span class=\"elementor-icon-list-icon\">\n\t\t\t\t\t\t\t<i aria-hidden=\"true\" class=\"fas fa-dot-circle\"><\/i>\t\t\t\t\t\t<\/span>\n\t\t\t\t\t\t\t\t\t\t<span class=\"elementor-icon-list-text\">Skadest\u00e5ndsr\u00e4tt<\/span>\n\t\t\t\t\t\t\t\t\t<\/li>\n\t\t\t\t\t\t\t\t<li class=\"elementor-icon-list-item\">\n\t\t\t\t\t\t\t\t\t\t\t<span class=\"elementor-icon-list-icon\">\n\t\t\t\t\t\t\t<i aria-hidden=\"true\" class=\"fas fa-dot-circle\"><\/i>\t\t\t\t\t\t<\/span>\n\t\t\t\t\t\t\t\t\t\t<span class=\"elementor-icon-list-text\">Processr\u00e4tt<\/span>\n\t\t\t\t\t\t\t\t\t<\/li>\n\t\t\t\t\t\t\t\t<li class=\"elementor-icon-list-item\">\n\t\t\t\t\t\t\t\t\t\t\t<span class=\"elementor-icon-list-icon\">\n\t\t\t\t\t\t\t<i aria-hidden=\"true\" class=\"fas fa-dot-circle\"><\/i>\t\t\t\t\t\t<\/span>\n\t\t\t\t\t\t\t\t\t\t<span class=\"elementor-icon-list-text\">Konstitutionell R\u00e4tt<\/span>\n\t\t\t\t\t\t\t\t\t<\/li>\n\t\t\t\t\t\t<\/ul>\n\t\t\t\t\t\t<\/div>\n\t\t\t\t<\/div>\n\t\t\t\t\t<\/div>\n\t\t<\/div>\n\t\t\t\t\t<\/div>\n\t\t<\/section>\n\t\t\t\t<section class=\"elementor-section elementor-top-section elementor-element elementor-element-1bf44c1 elementor-section-boxed elementor-section-height-default elementor-section-height-default\" data-id=\"1bf44c1\" data-element_type=\"section\" data-e-type=\"section\" data-settings=\"{&quot;_ha_eqh_enable&quot;:false}\">\n\t\t\t\t\t\t<div class=\"elementor-container elementor-column-gap-default\">\n\t\t\t\t\t<div class=\"elementor-column elementor-col-100 elementor-top-column elementor-element elementor-element-6442e388\" data-id=\"6442e388\" data-element_type=\"column\" data-e-type=\"column\">\n\t\t\t<div class=\"elementor-widget-wrap elementor-element-populated\">\n\t\t\t\t\t\t<div class=\"elementor-element elementor-element-26adc05e elementor-align-center elementor-widget elementor-widget-button\" data-id=\"26adc05e\" data-element_type=\"widget\" data-e-type=\"widget\" data-widget_type=\"button.default\">\n\t\t\t\t<div class=\"elementor-widget-container\">\n\t\t\t\t\t\t\t\t\t<div class=\"elementor-button-wrapper\">\n\t\t\t\t\t<a class=\"elementor-button elementor-button-link elementor-size-sm elementor-animation-grow\" href=\"\/sv\/\">\n\t\t\t\t\t\t<span class=\"elementor-button-content-wrapper\">\n\t\t\t\t\t\t<span class=\"elementor-button-icon\">\n\t\t\t\t<i aria-hidden=\"true\" class=\"fas fa-arrow-alt-circle-left\"><\/i>\t\t\t<\/span>\n\t\t\t\t\t\t\t\t\t<span class=\"elementor-button-text\">Till hemsidan<\/span>\n\t\t\t\t\t<\/span>\n\t\t\t\t\t<\/a>\n\t\t\t\t<\/div>\n\t\t\t\t\t\t\t\t<\/div>\n\t\t\t\t<\/div>\n\t\t\t\t\t<\/div>\n\t\t<\/div>\n\t\t\t\t\t<\/div>\n\t\t<\/section>\n\t\t\t\t<\/div>\n\t\t","protected":false},"excerpt":{"rendered":"<p>Associate Eloise Reyes M\u00f6t Associate Eloise Reyes M\u00f6t Associate Eloise Reyes Eloise har erfarenhet av tvistel\u00f6sning och skadest\u00e5ndsr\u00e4tt fr\u00e5n tidigare arbete p\u00e5 advokatbyr\u00e5 och Ellevio AB.\u00a0 Eloise har \u00e4ven varit anst\u00e4lld p\u00e5 Migrationsverket och Kontoret f\u00f6r FN:s h\u00f6gkommissarie f\u00f6r m\u00e4nskliga r\u00e4ttigheter samt praktikant p\u00e5 Asylr\u00e4ttscentrum. Erfarenhet i styrelsen f\u00f6r European Law Students\u2019 association Ume\u00e5. Anst\u00e4lld [&hellip;]<\/p>\n","protected":false},"author":5,"featured_media":0,"parent":0,"menu_order":3,"comment_status":"closed","ping_status":"closed","template":"","meta":{"footnotes":""},"class_list":["post-450","page","type-page","status-publish","hentry"],"yoast_head":"<!-- This site is optimized with the Yoast SEO plugin v27.5 - https:\/\/yoast.com\/product\/yoast-seo-wordpress\/ -->\n<title>Eloise Reyes - Advokatfirman Per Karlsson &amp; Co<\/title>\n<meta name=\"robots\" content=\"index, follow, max-snippet:-1, max-image-preview:large, max-video-preview:-1\" \/>\n<link rel=\"canonical\" href=\"https:\/\/www.pklaw.se\/sv\/eloise-reyes\/\" \/>\n<meta property=\"og:locale\" content=\"en_US\" \/>\n<meta property=\"og:type\" content=\"article\" \/>\n<meta property=\"og:title\" content=\"Eloise Reyes - Advokatfirman Per Karlsson &amp; Co\" \/>\n<meta property=\"og:description\" content=\"Associate Eloise Reyes M\u00f6t Associate Eloise Reyes M\u00f6t Associate Eloise Reyes Eloise har erfarenhet av tvistel\u00f6sning och skadest\u00e5ndsr\u00e4tt fr\u00e5n tidigare arbete p\u00e5 advokatbyr\u00e5 och Ellevio AB.\u00a0 Eloise har \u00e4ven varit anst\u00e4lld p\u00e5 Migrationsverket och Kontoret f\u00f6r FN:s h\u00f6gkommissarie f\u00f6r m\u00e4nskliga r\u00e4ttigheter samt praktikant p\u00e5 Asylr\u00e4ttscentrum. Erfarenhet i styrelsen f\u00f6r European Law Students\u2019 association Ume\u00e5. Anst\u00e4lld [&hellip;]\" \/>\n<meta property=\"og:url\" content=\"https:\/\/www.pklaw.se\/sv\/eloise-reyes\/\" \/>\n<meta property=\"og:site_name\" content=\"Advokatfirman Per Karlsson &amp; Co\" \/>\n<meta property=\"article:modified_time\" content=\"2025-04-16T13:49:53+00:00\" \/>\n<meta property=\"og:image\" content=\"https:\/\/www.pklaw.se\/sv\/wp-content\/uploads\/2025\/03\/DSC05645_500x722.jpg\" \/>\n<meta name=\"twitter:card\" content=\"summary_large_image\" \/>\n<meta name=\"twitter:label1\" content=\"Est. reading time\" \/>\n\t<meta name=\"twitter:data1\" content=\"1 minute\" \/>\n<script type=\"application\/ld+json\" class=\"yoast-schema-graph\">{\"@context\":\"https:\\\/\\\/schema.org\",\"@graph\":[{\"@type\":\"WebPage\",\"@id\":\"https:\\\/\\\/www.pklaw.se\\\/sv\\\/eloise-reyes\\\/\",\"url\":\"https:\\\/\\\/www.pklaw.se\\\/sv\\\/eloise-reyes\\\/\",\"name\":\"Eloise Reyes - Advokatfirman Per Karlsson &amp; Co\",\"isPartOf\":{\"@id\":\"https:\\\/\\\/www.pklaw.se\\\/sv\\\/#website\"},\"primaryImageOfPage\":{\"@id\":\"https:\\\/\\\/www.pklaw.se\\\/sv\\\/eloise-reyes\\\/#primaryimage\"},\"image\":{\"@id\":\"https:\\\/\\\/www.pklaw.se\\\/sv\\\/eloise-reyes\\\/#primaryimage\"},\"thumbnailUrl\":\"https:\\\/\\\/www.pklaw.se\\\/sv\\\/wp-content\\\/uploads\\\/2025\\\/03\\\/DSC05645_500x722.jpg\",\"datePublished\":\"2025-03-13T15:07:54+00:00\",\"dateModified\":\"2025-04-16T13:49:53+00:00\",\"breadcrumb\":{\"@id\":\"https:\\\/\\\/www.pklaw.se\\\/sv\\\/eloise-reyes\\\/#breadcrumb\"},\"inLanguage\":\"en-US\",\"potentialAction\":[{\"@type\":\"ReadAction\",\"target\":[\"https:\\\/\\\/www.pklaw.se\\\/sv\\\/eloise-reyes\\\/\"]}]},{\"@type\":\"ImageObject\",\"inLanguage\":\"en-US\",\"@id\":\"https:\\\/\\\/www.pklaw.se\\\/sv\\\/eloise-reyes\\\/#primaryimage\",\"url\":\"https:\\\/\\\/www.pklaw.se\\\/sv\\\/wp-content\\\/uploads\\\/2025\\\/03\\\/DSC05645_500x722.jpg\",\"contentUrl\":\"https:\\\/\\\/www.pklaw.se\\\/sv\\\/wp-content\\\/uploads\\\/2025\\\/03\\\/DSC05645_500x722.jpg\"},{\"@type\":\"BreadcrumbList\",\"@id\":\"https:\\\/\\\/www.pklaw.se\\\/sv\\\/eloise-reyes\\\/#breadcrumb\",\"itemListElement\":[{\"@type\":\"ListItem\",\"position\":1,\"name\":\"Home\",\"item\":\"https:\\\/\\\/www.pklaw.se\\\/sv\\\/\"},{\"@type\":\"ListItem\",\"position\":2,\"name\":\"Eloise Reyes\"}]},{\"@type\":\"WebSite\",\"@id\":\"https:\\\/\\\/www.pklaw.se\\\/sv\\\/#website\",\"url\":\"https:\\\/\\\/www.pklaw.se\\\/sv\\\/\",\"name\":\"Advokatfirman Per Karlsson &amp; Co\",\"description\":\"\",\"potentialAction\":[{\"@type\":\"SearchAction\",\"target\":{\"@type\":\"EntryPoint\",\"urlTemplate\":\"https:\\\/\\\/www.pklaw.se\\\/sv\\\/?s={search_term_string}\"},\"query-input\":{\"@type\":\"PropertyValueSpecification\",\"valueRequired\":true,\"valueName\":\"search_term_string\"}}],\"inLanguage\":\"en-US\"}]}<\/script>\n<!-- \/ Yoast SEO plugin. -->","yoast_head_json":{"title":"Eloise Reyes - Advokatfirman Per Karlsson &amp; Co","robots":{"index":"index","follow":"follow","max-snippet":"max-snippet:-1","max-image-preview":"max-image-preview:large","max-video-preview":"max-video-preview:-1"},"canonical":"https:\/\/www.pklaw.se\/sv\/eloise-reyes\/","og_locale":"en_US","og_type":"article","og_title":"Eloise Reyes - Advokatfirman Per Karlsson &amp; Co","og_description":"Associate Eloise Reyes M\u00f6t Associate Eloise Reyes M\u00f6t Associate Eloise Reyes Eloise har erfarenhet av tvistel\u00f6sning och skadest\u00e5ndsr\u00e4tt fr\u00e5n tidigare arbete p\u00e5 advokatbyr\u00e5 och Ellevio AB.\u00a0 Eloise har \u00e4ven varit anst\u00e4lld p\u00e5 Migrationsverket och Kontoret f\u00f6r FN:s h\u00f6gkommissarie f\u00f6r m\u00e4nskliga r\u00e4ttigheter samt praktikant p\u00e5 Asylr\u00e4ttscentrum. Erfarenhet i styrelsen f\u00f6r European Law Students\u2019 association Ume\u00e5. Anst\u00e4lld [&hellip;]","og_url":"https:\/\/www.pklaw.se\/sv\/eloise-reyes\/","og_site_name":"Advokatfirman Per Karlsson &amp; Co","article_modified_time":"2025-04-16T13:49:53+00:00","og_image":[{"url":"https:\/\/www.pklaw.se\/sv\/wp-content\/uploads\/2025\/03\/DSC05645_500x722.jpg","type":"","width":"","height":""}],"twitter_card":"summary_large_image","twitter_misc":{"Est. reading time":"1 minute"},"schema":{"@context":"https:\/\/schema.org","@graph":[{"@type":"WebPage","@id":"https:\/\/www.pklaw.se\/sv\/eloise-reyes\/","url":"https:\/\/www.pklaw.se\/sv\/eloise-reyes\/","name":"Eloise Reyes - Advokatfirman Per Karlsson &amp; Co","isPartOf":{"@id":"https:\/\/www.pklaw.se\/sv\/#website"},"primaryImageOfPage":{"@id":"https:\/\/www.pklaw.se\/sv\/eloise-reyes\/#primaryimage"},"image":{"@id":"https:\/\/www.pklaw.se\/sv\/eloise-reyes\/#primaryimage"},"thumbnailUrl":"https:\/\/www.pklaw.se\/sv\/wp-content\/uploads\/2025\/03\/DSC05645_500x722.jpg","datePublished":"2025-03-13T15:07:54+00:00","dateModified":"2025-04-16T13:49:53+00:00","breadcrumb":{"@id":"https:\/\/www.pklaw.se\/sv\/eloise-reyes\/#breadcrumb"},"inLanguage":"en-US","potentialAction":[{"@type":"ReadAction","target":["https:\/\/www.pklaw.se\/sv\/eloise-reyes\/"]}]},{"@type":"ImageObject","inLanguage":"en-US","@id":"https:\/\/www.pklaw.se\/sv\/eloise-reyes\/#primaryimage","url":"https:\/\/www.pklaw.se\/sv\/wp-content\/uploads\/2025\/03\/DSC05645_500x722.jpg","contentUrl":"https:\/\/www.pklaw.se\/sv\/wp-content\/uploads\/2025\/03\/DSC05645_500x722.jpg"},{"@type":"BreadcrumbList","@id":"https:\/\/www.pklaw.se\/sv\/eloise-reyes\/#breadcrumb","itemListElement":[{"@type":"ListItem","position":1,"name":"Home","item":"https:\/\/www.pklaw.se\/sv\/"},{"@type":"ListItem","position":2,"name":"Eloise Reyes"}]},{"@type":"WebSite","@id":"https:\/\/www.pklaw.se\/sv\/#website","url":"https:\/\/www.pklaw.se\/sv\/","name":"Advokatfirman Per Karlsson &amp; Co","description":"","potentialAction":[{"@type":"SearchAction","target":{"@type":"EntryPoint","urlTemplate":"https:\/\/www.pklaw.se\/sv\/?s={search_term_string}"},"query-input":{"@type":"PropertyValueSpecification","valueRequired":true,"valueName":"search_term_string"}}],"inLanguage":"en-US"}]}},"_links":{"self":[{"href":"https:\/\/www.pklaw.se\/sv\/wp-json\/wp\/v2\/pages\/450","targetHints":{"allow":["GET"]}}],"collection":[{"href":"https:\/\/www.pklaw.se\/sv\/wp-json\/wp\/v2\/pages"}],"about":[{"href":"https:\/\/www.pklaw.se\/sv\/wp-json\/wp\/v2\/types\/page"}],"author":[{"embeddable":true,"href":"https:\/\/www.pklaw.se\/sv\/wp-json\/wp\/v2\/users\/5"}],"replies":[{"embeddable":true,"href":"https:\/\/www.pklaw.se\/sv\/wp-json\/wp\/v2\/comments?post=450"}],"version-history":[{"count":57,"href":"https:\/\/www.pklaw.se\/sv\/wp-json\/wp\/v2\/pages\/450\/revisions"}],"predecessor-version":[{"id":639,"href":"https:\/\/www.pklaw.se\/sv\/wp-json\/wp\/v2\/pages\/450\/revisions\/639"}],"wp:attachment":[{"href":"https:\/\/www.pklaw.se\/sv\/wp-json\/wp\/v2\/media?parent=450"}],"curies":[{"name":"wp","href":"https:\/\/api.w.org\/{rel}","templated":true}]}}