{"id":805,"date":"2025-10-02T12:28:22","date_gmt":"2025-10-02T12:28:22","guid":{"rendered":"https:\/\/www.pklaw.se\/sv\/?page_id=805"},"modified":"2025-11-27T14:42:24","modified_gmt":"2025-11-27T14:42:24","slug":"stefan-alven","status":"publish","type":"page","link":"https:\/\/www.pklaw.se\/sv\/stefan-alven\/","title":{"rendered":"Stefan Alv\u00e9n"},"content":{"rendered":"\t\t<div data-elementor-type=\"wp-page\" data-elementor-id=\"805\" class=\"elementor elementor-805\" data-elementor-settings=\"{&quot;ha_cmc_init_switcher&quot;:&quot;no&quot;}\">\n\t\t\t\t\t\t<section class=\"elementor-section elementor-top-section elementor-element elementor-element-2644d96e elementor-section-height-min-height elementor-section-boxed elementor-section-height-default elementor-section-items-middle\" data-id=\"2644d96e\" data-element_type=\"section\" data-e-type=\"section\" data-settings=\"{&quot;background_background&quot;:&quot;classic&quot;,&quot;_ha_eqh_enable&quot;:false}\">\n\t\t\t\t\t\t\t<div class=\"elementor-background-overlay\"><\/div>\n\t\t\t\t\t\t\t<div class=\"elementor-container elementor-column-gap-default\">\n\t\t\t\t\t<div class=\"elementor-column elementor-col-33 elementor-top-column elementor-element elementor-element-82a03eb elementor-hidden-mobile\" data-id=\"82a03eb\" data-element_type=\"column\" data-e-type=\"column\">\n\t\t\t<div class=\"elementor-widget-wrap\">\n\t\t\t\t\t\t\t<\/div>\n\t\t<\/div>\n\t\t\t\t<div class=\"elementor-column elementor-col-33 elementor-top-column elementor-element elementor-element-6b7095e4\" data-id=\"6b7095e4\" data-element_type=\"column\" data-e-type=\"column\" data-settings=\"{&quot;background_background&quot;:&quot;classic&quot;}\">\n\t\t\t<div class=\"elementor-widget-wrap elementor-element-populated\">\n\t\t\t\t\t\t<div class=\"elementor-element elementor-element-3db2353c elementor-widget elementor-widget-heading\" data-id=\"3db2353c\" data-element_type=\"widget\" data-e-type=\"widget\" data-widget_type=\"heading.default\">\n\t\t\t\t<div class=\"elementor-widget-container\">\n\t\t\t\t\t<h1 class=\"elementor-heading-title elementor-size-default\">Advokat Stefan Alv\u00e9n<\/h1>\t\t\t\t<\/div>\n\t\t\t\t<\/div>\n\t\t\t\t\t<\/div>\n\t\t<\/div>\n\t\t\t\t<div class=\"elementor-column elementor-col-33 elementor-top-column elementor-element elementor-element-2e2c085c elementor-hidden-mobile\" data-id=\"2e2c085c\" data-element_type=\"column\" data-e-type=\"column\">\n\t\t\t<div class=\"elementor-widget-wrap\">\n\t\t\t\t\t\t\t<\/div>\n\t\t<\/div>\n\t\t\t\t\t<\/div>\n\t\t<\/section>\n\t\t\t\t<section class=\"elementor-section elementor-top-section elementor-element elementor-element-d223866 elementor-section-boxed elementor-section-height-default elementor-section-height-default\" data-id=\"d223866\" data-element_type=\"section\" data-e-type=\"section\" data-settings=\"{&quot;_ha_eqh_enable&quot;:false}\">\n\t\t\t\t\t\t<div class=\"elementor-container elementor-column-gap-default\">\n\t\t\t\t\t<div class=\"elementor-column elementor-col-100 elementor-top-column elementor-element elementor-element-7960fe48\" data-id=\"7960fe48\" data-element_type=\"column\" data-e-type=\"column\">\n\t\t\t<div class=\"elementor-widget-wrap elementor-element-populated\">\n\t\t\t\t\t\t<section class=\"elementor-section elementor-inner-section elementor-element elementor-element-4a4fca8 elementor-section-boxed elementor-section-height-default elementor-section-height-default\" data-id=\"4a4fca8\" data-element_type=\"section\" data-e-type=\"section\" data-settings=\"{&quot;_ha_eqh_enable&quot;:false}\">\n\t\t\t\t\t\t<div class=\"elementor-container elementor-column-gap-default\">\n\t\t\t\t\t<div class=\"elementor-column elementor-col-50 elementor-inner-column elementor-element elementor-element-7cb7ea0c\" data-id=\"7cb7ea0c\" data-element_type=\"column\" data-e-type=\"column\">\n\t\t\t<div class=\"elementor-widget-wrap elementor-element-populated\">\n\t\t\t\t\t\t<div class=\"elementor-element elementor-element-50e0ccc1 anchor elementor-widget elementor-widget-menu-anchor\" data-id=\"50e0ccc1\" data-element_type=\"widget\" data-e-type=\"widget\" data-widget_type=\"menu-anchor.default\">\n\t\t\t\t<div class=\"elementor-widget-container\">\n\t\t\t\t\t\t\t<div class=\"elementor-menu-anchor\" id=\"tp\"><\/div>\n\t\t\t\t\t\t<\/div>\n\t\t\t\t<\/div>\n\t\t\t\t<div class=\"elementor-element elementor-element-5079dab6 elementor-hidden-desktop elementor-hidden-tablet elementor-widget elementor-widget-heading\" data-id=\"5079dab6\" data-element_type=\"widget\" data-e-type=\"widget\" data-widget_type=\"heading.default\">\n\t\t\t\t<div class=\"elementor-widget-container\">\n\t\t\t\t\t<h2 class=\"elementor-heading-title elementor-size-default\">M\u00f6t advokat Stefan Alv\u00e9n\n<\/h2>\t\t\t\t<\/div>\n\t\t\t\t<\/div>\n\t\t\t\t<div class=\"elementor-element elementor-element-5dbf773c elementor-hidden-desktop elementor-hidden-tablet elementor-widget elementor-widget-heading\" data-id=\"5dbf773c\" data-element_type=\"widget\" data-e-type=\"widget\" data-widget_type=\"heading.default\">\n\t\t\t\t<div class=\"elementor-widget-container\">\n\t\t\t\t\t<h3 class=\"elementor-heading-title elementor-size-default\">Counsel<\/h3>\t\t\t\t<\/div>\n\t\t\t\t<\/div>\n\t\t\t\t<div class=\"elementor-element elementor-element-44f98d1 elementor-invisible elementor-widget elementor-widget-image\" data-id=\"44f98d1\" data-element_type=\"widget\" data-e-type=\"widget\" data-settings=\"{&quot;_animation&quot;:&quot;fadeInLeft&quot;}\" data-widget_type=\"image.default\">\n\t\t\t\t<div class=\"elementor-widget-container\">\n\t\t\t\t\t\t\t\t\t\t\t\t\t\t\t<img decoding=\"async\" src=\"https:\/\/www.pklaw.se\/sv\/wp-content\/uploads\/2025\/10\/DSC09854-1.jpg\" title=\"\" alt=\"\" loading=\"lazy\" \/>\t\t\t\t\t\t\t\t\t\t\t\t\t\t\t<\/div>\n\t\t\t\t<\/div>\n\t\t\t\t\t<\/div>\n\t\t<\/div>\n\t\t\t\t<div class=\"elementor-column elementor-col-50 elementor-inner-column elementor-element elementor-element-16c3490e\" data-id=\"16c3490e\" data-element_type=\"column\" data-e-type=\"column\">\n\t\t\t<div class=\"elementor-widget-wrap elementor-element-populated\">\n\t\t\t\t\t\t<div class=\"elementor-element elementor-element-4fa26dde elementor-hidden-mobile elementor-widget elementor-widget-heading\" data-id=\"4fa26dde\" data-element_type=\"widget\" data-e-type=\"widget\" data-widget_type=\"heading.default\">\n\t\t\t\t<div class=\"elementor-widget-container\">\n\t\t\t\t\t<h2 class=\"elementor-heading-title elementor-size-default\">M\u00f6t advokat Stefan Alv\u00e9n\n<\/h2>\t\t\t\t<\/div>\n\t\t\t\t<\/div>\n\t\t\t\t<div class=\"elementor-element elementor-element-360cb465 elementor-hidden-mobile elementor-widget elementor-widget-heading\" data-id=\"360cb465\" data-element_type=\"widget\" data-e-type=\"widget\" data-widget_type=\"heading.default\">\n\t\t\t\t<div class=\"elementor-widget-container\">\n\t\t\t\t\t<h3 class=\"elementor-heading-title elementor-size-default\">Counsel<\/h3>\t\t\t\t<\/div>\n\t\t\t\t<\/div>\n\t\t\t\t<div class=\"elementor-element elementor-element-46bda93c elementor-widget elementor-widget-text-editor\" data-id=\"46bda93c\" data-element_type=\"widget\" data-e-type=\"widget\" data-widget_type=\"text-editor.default\">\n\t\t\t\t<div class=\"elementor-widget-container\">\n\t\t\t\t\t\t\t\t\t<div data-id=\"95a6e01\" data-element_type=\"widget\" data-widget_type=\"text-editor.default\">\n<p>Stefan Alv\u00e9n har 25 \u00e5rs erfarenhet av kommersiella avtal och nationell och internationell tvistl\u00f6sning (CAS) i idrottslig kontext. Tidigare erfarenheter:<\/p>\n<ul>\n<li>Grundare av Sportlex Advokatbyr\u00e5<\/li>\n<li>Advokatfirman Vinge och MAQS<\/li>\n<li>Adjungerad ledamot i Svea hovr\u00e4tt<\/li>\n<li>Ledamot i Riksidrottsn\u00e4mnden<\/li>\n<li><span style=\"font-size: 12.0pt\">Ledamot i Svenska Fotbollf\u00f6rbundets<br>Besv\u00e4rsn\u00e4mnd<\/span><\/li>\n<li>Ledamot i Svenska Tennisf\u00f6rbundets juridiska n\u00e4mnd<\/li>\n<li>Styrelseledamot Svensk Idrottsjuridisk f\u00f6rening<\/li>\n<li>Sportchef EFD och Djurg\u00e5rden Fotboll<\/li>\n<li>Elitspelare i fotboll (Landskrona BoIS, Malm\u00f6 FF, Djurg\u00e5rdens IF, IFK Norrk\u00f6ping)<\/li>\n<\/ul>\n<\/div>\t\t\t\t\t\t\t\t<\/div>\n\t\t\t\t<\/div>\n\t\t\t\t\t<\/div>\n\t\t<\/div>\n\t\t\t\t\t<\/div>\n\t\t<\/section>\n\t\t\t\t\t<\/div>\n\t\t<\/div>\n\t\t\t\t\t<\/div>\n\t\t<\/section>\n\t\t\t\t<section class=\"elementor-section elementor-top-section elementor-element elementor-element-5dfa841c elementor-section-boxed elementor-section-height-default elementor-section-height-default\" data-id=\"5dfa841c\" data-element_type=\"section\" data-e-type=\"section\" data-settings=\"{&quot;_ha_eqh_enable&quot;:false}\">\n\t\t\t\t\t\t<div class=\"elementor-container elementor-column-gap-default\">\n\t\t\t\t\t<div class=\"elementor-column elementor-col-50 elementor-top-column elementor-element elementor-element-46977e2d\" data-id=\"46977e2d\" data-element_type=\"column\" data-e-type=\"column\">\n\t\t\t<div class=\"elementor-widget-wrap elementor-element-populated\">\n\t\t\t\t\t\t<div class=\"elementor-element elementor-element-4ad8b81a elementor-widget elementor-widget-heading\" data-id=\"4ad8b81a\" data-element_type=\"widget\" data-e-type=\"widget\" data-widget_type=\"heading.default\">\n\t\t\t\t<div class=\"elementor-widget-container\">\n\t\t\t\t\t<h2 class=\"elementor-heading-title elementor-size-default\">Utbildning<\/h2>\t\t\t\t<\/div>\n\t\t\t\t<\/div>\n\t\t\t\t<div class=\"elementor-element elementor-element-7c2b06d elementor-widget elementor-widget-text-editor\" data-id=\"7c2b06d\" data-element_type=\"widget\" data-e-type=\"widget\" data-widget_type=\"text-editor.default\">\n\t\t\t\t<div class=\"elementor-widget-container\">\n\t\t\t\t\t\t\t\t\t<p>Stockholms Universitet, jur kand<\/p>\t\t\t\t\t\t\t\t<\/div>\n\t\t\t\t<\/div>\n\t\t\t\t<div class=\"elementor-element elementor-element-3a5d7eb4 elementor-widget elementor-widget-heading\" data-id=\"3a5d7eb4\" data-element_type=\"widget\" data-e-type=\"widget\" data-widget_type=\"heading.default\">\n\t\t\t\t<div class=\"elementor-widget-container\">\n\t\t\t\t\t<h2 class=\"elementor-heading-title elementor-size-default\">Spr\u00e5k<\/h2>\t\t\t\t<\/div>\n\t\t\t\t<\/div>\n\t\t\t\t<div class=\"elementor-element elementor-element-7a247a39 elementor-icon-list--layout-traditional elementor-list-item-link-full_width elementor-widget elementor-widget-icon-list\" data-id=\"7a247a39\" data-element_type=\"widget\" data-e-type=\"widget\" data-widget_type=\"icon-list.default\">\n\t\t\t\t<div class=\"elementor-widget-container\">\n\t\t\t\t\t\t\t<ul class=\"elementor-icon-list-items\">\n\t\t\t\t\t\t\t<li class=\"elementor-icon-list-item\">\n\t\t\t\t\t\t\t\t\t\t\t<span class=\"elementor-icon-list-icon\">\n\t\t\t\t\t\t\t<i aria-hidden=\"true\" class=\"fas fa-dot-circle\"><\/i>\t\t\t\t\t\t<\/span>\n\t\t\t\t\t\t\t\t\t\t<span class=\"elementor-icon-list-text\">Svenska<\/span>\n\t\t\t\t\t\t\t\t\t<\/li>\n\t\t\t\t\t\t\t\t<li class=\"elementor-icon-list-item\">\n\t\t\t\t\t\t\t\t\t\t\t<span class=\"elementor-icon-list-icon\">\n\t\t\t\t\t\t\t<i aria-hidden=\"true\" class=\"fas fa-dot-circle\"><\/i>\t\t\t\t\t\t<\/span>\n\t\t\t\t\t\t\t\t\t\t<span class=\"elementor-icon-list-text\">Engelska<\/span>\n\t\t\t\t\t\t\t\t\t<\/li>\n\t\t\t\t\t\t<\/ul>\n\t\t\t\t\t\t<\/div>\n\t\t\t\t<\/div>\n\t\t\t\t<div class=\"elementor-element elementor-element-6ef87b0e elementor-widget elementor-widget-heading\" data-id=\"6ef87b0e\" data-element_type=\"widget\" data-e-type=\"widget\" data-widget_type=\"heading.default\">\n\t\t\t\t<div class=\"elementor-widget-container\">\n\t\t\t\t\t<h2 class=\"elementor-heading-title elementor-size-default\">Kontakt<\/h2>\t\t\t\t<\/div>\n\t\t\t\t<\/div>\n\t\t\t\t<div class=\"elementor-element elementor-element-445e03d2 elementor-icon-list--layout-traditional elementor-list-item-link-full_width elementor-widget elementor-widget-icon-list\" data-id=\"445e03d2\" data-element_type=\"widget\" data-e-type=\"widget\" data-widget_type=\"icon-list.default\">\n\t\t\t\t<div class=\"elementor-widget-container\">\n\t\t\t\t\t\t\t<ul class=\"elementor-icon-list-items\">\n\t\t\t\t\t\t\t<li class=\"elementor-icon-list-item\">\n\t\t\t\t\t\t\t\t\t\t\t<a href=\"mailto:sa@pklaw.se\">\n\n\t\t\t\t\t\t\t\t\t\t\t\t<span class=\"elementor-icon-list-icon\">\n\t\t\t\t\t\t\t<i aria-hidden=\"true\" class=\"fas fa-envelope\"><\/i>\t\t\t\t\t\t<\/span>\n\t\t\t\t\t\t\t\t\t\t<span class=\"elementor-icon-list-text\">sa@pklaw.se<\/span>\n\t\t\t\t\t\t\t\t\t\t\t<\/a>\n\t\t\t\t\t\t\t\t\t<\/li>\n\t\t\t\t\t\t\t\t<li class=\"elementor-icon-list-item\">\n\t\t\t\t\t\t\t\t\t\t\t<a href=\"tel:+46%2070%20999%2090%2063\">\n\n\t\t\t\t\t\t\t\t\t\t\t\t<span class=\"elementor-icon-list-icon\">\n\t\t\t\t\t\t\t<i aria-hidden=\"true\" class=\"fas fa-phone-alt\"><\/i>\t\t\t\t\t\t<\/span>\n\t\t\t\t\t\t\t\t\t\t<span class=\"elementor-icon-list-text\">+46 70 999 90 63<\/span>\n\t\t\t\t\t\t\t\t\t\t\t<\/a>\n\t\t\t\t\t\t\t\t\t<\/li>\n\t\t\t\t\t\t<\/ul>\n\t\t\t\t\t\t<\/div>\n\t\t\t\t<\/div>\n\t\t\t\t\t<\/div>\n\t\t<\/div>\n\t\t\t\t<div class=\"elementor-column elementor-col-50 elementor-top-column elementor-element elementor-element-5e38eb21\" data-id=\"5e38eb21\" data-element_type=\"column\" data-e-type=\"column\">\n\t\t\t<div class=\"elementor-widget-wrap elementor-element-populated\">\n\t\t\t\t\t\t<div class=\"elementor-element elementor-element-5382480b elementor-widget elementor-widget-heading\" data-id=\"5382480b\" data-element_type=\"widget\" data-e-type=\"widget\" data-widget_type=\"heading.default\">\n\t\t\t\t<div class=\"elementor-widget-container\">\n\t\t\t\t\t<h2 class=\"elementor-heading-title elementor-size-default\">Expertis<\/h2>\t\t\t\t<\/div>\n\t\t\t\t<\/div>\n\t\t\t\t<div class=\"elementor-element elementor-element-96b50af elementor-icon-list--layout-traditional elementor-list-item-link-full_width elementor-widget elementor-widget-icon-list\" data-id=\"96b50af\" data-element_type=\"widget\" data-e-type=\"widget\" data-widget_type=\"icon-list.default\">\n\t\t\t\t<div class=\"elementor-widget-container\">\n\t\t\t\t\t\t\t<ul class=\"elementor-icon-list-items\">\n\t\t\t\t\t\t\t<li class=\"elementor-icon-list-item\">\n\t\t\t\t\t\t\t\t\t\t\t<span class=\"elementor-icon-list-icon\">\n\t\t\t\t\t\t\t<i aria-hidden=\"true\" class=\"fas fa-dot-circle\"><\/i>\t\t\t\t\t\t<\/span>\n\t\t\t\t\t\t\t\t\t\t<span class=\"elementor-icon-list-text\">Kommersiella avtal <\/span>\n\t\t\t\t\t\t\t\t\t<\/li>\n\t\t\t\t\t\t\t\t<li class=\"elementor-icon-list-item\">\n\t\t\t\t\t\t\t\t\t\t\t<span class=\"elementor-icon-list-icon\">\n\t\t\t\t\t\t\t<i aria-hidden=\"true\" class=\"fas fa-dot-circle\"><\/i>\t\t\t\t\t\t<\/span>\n\t\t\t\t\t\t\t\t\t\t<span class=\"elementor-icon-list-text\">Tvistl\u00f6sning<\/span>\n\t\t\t\t\t\t\t\t\t<\/li>\n\t\t\t\t\t\t<\/ul>\n\t\t\t\t\t\t<\/div>\n\t\t\t\t<\/div>\n\t\t\t\t<div class=\"elementor-element elementor-element-1f1fdcbc elementor-widget elementor-widget-heading\" data-id=\"1f1fdcbc\" data-element_type=\"widget\" data-e-type=\"widget\" data-widget_type=\"heading.default\">\n\t\t\t\t<div class=\"elementor-widget-container\">\n\t\t\t\t\t<h2 class=\"elementor-heading-title elementor-size-default\">Medlemskap<\/h2>\t\t\t\t<\/div>\n\t\t\t\t<\/div>\n\t\t\t\t<div class=\"elementor-element elementor-element-16e6052c elementor-icon-list--layout-traditional elementor-list-item-link-full_width elementor-widget elementor-widget-icon-list\" data-id=\"16e6052c\" data-element_type=\"widget\" data-e-type=\"widget\" data-widget_type=\"icon-list.default\">\n\t\t\t\t<div class=\"elementor-widget-container\">\n\t\t\t\t\t\t\t<ul class=\"elementor-icon-list-items\">\n\t\t\t\t\t\t\t<li class=\"elementor-icon-list-item\">\n\t\t\t\t\t\t\t\t\t\t\t<span class=\"elementor-icon-list-icon\">\n\t\t\t\t\t\t\t<i aria-hidden=\"true\" class=\"fas fa-dot-circle\"><\/i>\t\t\t\t\t\t<\/span>\n\t\t\t\t\t\t\t\t\t\t<span class=\"elementor-icon-list-text\">Medlem i Svenska Advokatsamfundet<\/span>\n\t\t\t\t\t\t\t\t\t<\/li>\n\t\t\t\t\t\t<\/ul>\n\t\t\t\t\t\t<\/div>\n\t\t\t\t<\/div>\n\t\t\t\t\t<\/div>\n\t\t<\/div>\n\t\t\t\t\t<\/div>\n\t\t<\/section>\n\t\t\t\t<section class=\"elementor-section elementor-top-section elementor-element elementor-element-7106a387 elementor-section-boxed elementor-section-height-default elementor-section-height-default\" data-id=\"7106a387\" data-element_type=\"section\" data-e-type=\"section\" data-settings=\"{&quot;_ha_eqh_enable&quot;:false}\">\n\t\t\t\t\t\t<div class=\"elementor-container elementor-column-gap-default\">\n\t\t\t\t\t<div class=\"elementor-column elementor-col-100 elementor-top-column elementor-element elementor-element-6c8c44fe\" data-id=\"6c8c44fe\" data-element_type=\"column\" data-e-type=\"column\">\n\t\t\t<div class=\"elementor-widget-wrap elementor-element-populated\">\n\t\t\t\t\t\t<div class=\"elementor-element elementor-element-3347d84c elementor-align-center elementor-widget elementor-widget-button\" data-id=\"3347d84c\" data-element_type=\"widget\" data-e-type=\"widget\" data-widget_type=\"button.default\">\n\t\t\t\t<div class=\"elementor-widget-container\">\n\t\t\t\t\t\t\t\t\t<div class=\"elementor-button-wrapper\">\n\t\t\t\t\t<a class=\"elementor-button elementor-button-link elementor-size-sm elementor-animation-grow\" href=\"\/sv\/\">\n\t\t\t\t\t\t<span class=\"elementor-button-content-wrapper\">\n\t\t\t\t\t\t<span class=\"elementor-button-icon\">\n\t\t\t\t<i aria-hidden=\"true\" class=\"fas fa-arrow-alt-circle-left\"><\/i>\t\t\t<\/span>\n\t\t\t\t\t\t\t\t\t<span class=\"elementor-button-text\">Till hemsidan<\/span>\n\t\t\t\t\t<\/span>\n\t\t\t\t\t<\/a>\n\t\t\t\t<\/div>\n\t\t\t\t\t\t\t\t<\/div>\n\t\t\t\t<\/div>\n\t\t\t\t\t<\/div>\n\t\t<\/div>\n\t\t\t\t\t<\/div>\n\t\t<\/section>\n\t\t\t\t<\/div>\n\t\t","protected":false},"excerpt":{"rendered":"<p>Advokat Stefan Alv\u00e9n M\u00f6t advokat Stefan Alv\u00e9n Counsel M\u00f6t advokat Stefan Alv\u00e9n Counsel Stefan Alv\u00e9n har 25 \u00e5rs erfarenhet av kommersiella avtal och nationell och internationell tvistl\u00f6sning (CAS) i idrottslig kontext. Tidigare erfarenheter: Grundare av Sportlex Advokatbyr\u00e5 Advokatfirman Vinge och MAQS Adjungerad ledamot i Svea hovr\u00e4tt Ledamot i Riksidrottsn\u00e4mnden Ledamot i Svenska Fotbollf\u00f6rbundetsBesv\u00e4rsn\u00e4mnd Ledamot i [&hellip;]<\/p>\n","protected":false},"author":5,"featured_media":0,"parent":0,"menu_order":2,"comment_status":"closed","ping_status":"closed","template":"","meta":{"footnotes":""},"class_list":["post-805","page","type-page","status-publish","hentry"],"yoast_head":"<!-- This site is optimized with the Yoast SEO plugin v27.5 - https:\/\/yoast.com\/product\/yoast-seo-wordpress\/ -->\n<title>Stefan Alv\u00e9n - Advokatfirman Per Karlsson &amp; Co<\/title>\n<meta name=\"robots\" content=\"index, follow, max-snippet:-1, max-image-preview:large, max-video-preview:-1\" \/>\n<link rel=\"canonical\" href=\"https:\/\/www.pklaw.se\/sv\/stefan-alven\/\" \/>\n<meta property=\"og:locale\" content=\"en_US\" \/>\n<meta property=\"og:type\" content=\"article\" \/>\n<meta property=\"og:title\" content=\"Stefan Alv\u00e9n - Advokatfirman Per Karlsson &amp; Co\" \/>\n<meta property=\"og:description\" content=\"Advokat Stefan Alv\u00e9n M\u00f6t advokat Stefan Alv\u00e9n Counsel M\u00f6t advokat Stefan Alv\u00e9n Counsel Stefan Alv\u00e9n har 25 \u00e5rs erfarenhet av kommersiella avtal och nationell och internationell tvistl\u00f6sning (CAS) i idrottslig kontext. Tidigare erfarenheter: Grundare av Sportlex Advokatbyr\u00e5 Advokatfirman Vinge och MAQS Adjungerad ledamot i Svea hovr\u00e4tt Ledamot i Riksidrottsn\u00e4mnden Ledamot i Svenska Fotbollf\u00f6rbundetsBesv\u00e4rsn\u00e4mnd Ledamot i [&hellip;]\" \/>\n<meta property=\"og:url\" content=\"https:\/\/www.pklaw.se\/sv\/stefan-alven\/\" \/>\n<meta property=\"og:site_name\" content=\"Advokatfirman Per Karlsson &amp; Co\" \/>\n<meta property=\"article:modified_time\" content=\"2025-11-27T14:42:24+00:00\" \/>\n<meta property=\"og:image\" content=\"https:\/\/www.pklaw.se\/sv\/wp-content\/uploads\/2025\/10\/DSC09854-1.jpg\" \/>\n<meta name=\"twitter:card\" content=\"summary_large_image\" \/>\n<meta name=\"twitter:label1\" content=\"Est. reading time\" \/>\n\t<meta name=\"twitter:data1\" content=\"1 minute\" \/>\n<script type=\"application\/ld+json\" class=\"yoast-schema-graph\">{\"@context\":\"https:\\\/\\\/schema.org\",\"@graph\":[{\"@type\":\"WebPage\",\"@id\":\"https:\\\/\\\/www.pklaw.se\\\/sv\\\/stefan-alven\\\/\",\"url\":\"https:\\\/\\\/www.pklaw.se\\\/sv\\\/stefan-alven\\\/\",\"name\":\"Stefan Alv\u00e9n - Advokatfirman Per Karlsson &amp; Co\",\"isPartOf\":{\"@id\":\"https:\\\/\\\/www.pklaw.se\\\/sv\\\/#website\"},\"primaryImageOfPage\":{\"@id\":\"https:\\\/\\\/www.pklaw.se\\\/sv\\\/stefan-alven\\\/#primaryimage\"},\"image\":{\"@id\":\"https:\\\/\\\/www.pklaw.se\\\/sv\\\/stefan-alven\\\/#primaryimage\"},\"thumbnailUrl\":\"https:\\\/\\\/www.pklaw.se\\\/sv\\\/wp-content\\\/uploads\\\/2025\\\/10\\\/DSC09854-1.jpg\",\"datePublished\":\"2025-10-02T12:28:22+00:00\",\"dateModified\":\"2025-11-27T14:42:24+00:00\",\"breadcrumb\":{\"@id\":\"https:\\\/\\\/www.pklaw.se\\\/sv\\\/stefan-alven\\\/#breadcrumb\"},\"inLanguage\":\"en-US\",\"potentialAction\":[{\"@type\":\"ReadAction\",\"target\":[\"https:\\\/\\\/www.pklaw.se\\\/sv\\\/stefan-alven\\\/\"]}]},{\"@type\":\"ImageObject\",\"inLanguage\":\"en-US\",\"@id\":\"https:\\\/\\\/www.pklaw.se\\\/sv\\\/stefan-alven\\\/#primaryimage\",\"url\":\"https:\\\/\\\/www.pklaw.se\\\/sv\\\/wp-content\\\/uploads\\\/2025\\\/10\\\/DSC09854-1.jpg\",\"contentUrl\":\"https:\\\/\\\/www.pklaw.se\\\/sv\\\/wp-content\\\/uploads\\\/2025\\\/10\\\/DSC09854-1.jpg\"},{\"@type\":\"BreadcrumbList\",\"@id\":\"https:\\\/\\\/www.pklaw.se\\\/sv\\\/stefan-alven\\\/#breadcrumb\",\"itemListElement\":[{\"@type\":\"ListItem\",\"position\":1,\"name\":\"Home\",\"item\":\"https:\\\/\\\/www.pklaw.se\\\/sv\\\/\"},{\"@type\":\"ListItem\",\"position\":2,\"name\":\"Stefan Alv\u00e9n\"}]},{\"@type\":\"WebSite\",\"@id\":\"https:\\\/\\\/www.pklaw.se\\\/sv\\\/#website\",\"url\":\"https:\\\/\\\/www.pklaw.se\\\/sv\\\/\",\"name\":\"Advokatfirman Per Karlsson &amp; Co\",\"description\":\"\",\"potentialAction\":[{\"@type\":\"SearchAction\",\"target\":{\"@type\":\"EntryPoint\",\"urlTemplate\":\"https:\\\/\\\/www.pklaw.se\\\/sv\\\/?s={search_term_string}\"},\"query-input\":{\"@type\":\"PropertyValueSpecification\",\"valueRequired\":true,\"valueName\":\"search_term_string\"}}],\"inLanguage\":\"en-US\"}]}<\/script>\n<!-- \/ Yoast SEO plugin. -->","yoast_head_json":{"title":"Stefan Alv\u00e9n - Advokatfirman Per Karlsson &amp; Co","robots":{"index":"index","follow":"follow","max-snippet":"max-snippet:-1","max-image-preview":"max-image-preview:large","max-video-preview":"max-video-preview:-1"},"canonical":"https:\/\/www.pklaw.se\/sv\/stefan-alven\/","og_locale":"en_US","og_type":"article","og_title":"Stefan Alv\u00e9n - Advokatfirman Per Karlsson &amp; Co","og_description":"Advokat Stefan Alv\u00e9n M\u00f6t advokat Stefan Alv\u00e9n Counsel M\u00f6t advokat Stefan Alv\u00e9n Counsel Stefan Alv\u00e9n har 25 \u00e5rs erfarenhet av kommersiella avtal och nationell och internationell tvistl\u00f6sning (CAS) i idrottslig kontext. Tidigare erfarenheter: Grundare av Sportlex Advokatbyr\u00e5 Advokatfirman Vinge och MAQS Adjungerad ledamot i Svea hovr\u00e4tt Ledamot i Riksidrottsn\u00e4mnden Ledamot i Svenska Fotbollf\u00f6rbundetsBesv\u00e4rsn\u00e4mnd Ledamot i [&hellip;]","og_url":"https:\/\/www.pklaw.se\/sv\/stefan-alven\/","og_site_name":"Advokatfirman Per Karlsson &amp; Co","article_modified_time":"2025-11-27T14:42:24+00:00","og_image":[{"url":"https:\/\/www.pklaw.se\/sv\/wp-content\/uploads\/2025\/10\/DSC09854-1.jpg","type":"","width":"","height":""}],"twitter_card":"summary_large_image","twitter_misc":{"Est. reading time":"1 minute"},"schema":{"@context":"https:\/\/schema.org","@graph":[{"@type":"WebPage","@id":"https:\/\/www.pklaw.se\/sv\/stefan-alven\/","url":"https:\/\/www.pklaw.se\/sv\/stefan-alven\/","name":"Stefan Alv\u00e9n - Advokatfirman Per Karlsson &amp; Co","isPartOf":{"@id":"https:\/\/www.pklaw.se\/sv\/#website"},"primaryImageOfPage":{"@id":"https:\/\/www.pklaw.se\/sv\/stefan-alven\/#primaryimage"},"image":{"@id":"https:\/\/www.pklaw.se\/sv\/stefan-alven\/#primaryimage"},"thumbnailUrl":"https:\/\/www.pklaw.se\/sv\/wp-content\/uploads\/2025\/10\/DSC09854-1.jpg","datePublished":"2025-10-02T12:28:22+00:00","dateModified":"2025-11-27T14:42:24+00:00","breadcrumb":{"@id":"https:\/\/www.pklaw.se\/sv\/stefan-alven\/#breadcrumb"},"inLanguage":"en-US","potentialAction":[{"@type":"ReadAction","target":["https:\/\/www.pklaw.se\/sv\/stefan-alven\/"]}]},{"@type":"ImageObject","inLanguage":"en-US","@id":"https:\/\/www.pklaw.se\/sv\/stefan-alven\/#primaryimage","url":"https:\/\/www.pklaw.se\/sv\/wp-content\/uploads\/2025\/10\/DSC09854-1.jpg","contentUrl":"https:\/\/www.pklaw.se\/sv\/wp-content\/uploads\/2025\/10\/DSC09854-1.jpg"},{"@type":"BreadcrumbList","@id":"https:\/\/www.pklaw.se\/sv\/stefan-alven\/#breadcrumb","itemListElement":[{"@type":"ListItem","position":1,"name":"Home","item":"https:\/\/www.pklaw.se\/sv\/"},{"@type":"ListItem","position":2,"name":"Stefan Alv\u00e9n"}]},{"@type":"WebSite","@id":"https:\/\/www.pklaw.se\/sv\/#website","url":"https:\/\/www.pklaw.se\/sv\/","name":"Advokatfirman Per Karlsson &amp; Co","description":"","potentialAction":[{"@type":"SearchAction","target":{"@type":"EntryPoint","urlTemplate":"https:\/\/www.pklaw.se\/sv\/?s={search_term_string}"},"query-input":{"@type":"PropertyValueSpecification","valueRequired":true,"valueName":"search_term_string"}}],"inLanguage":"en-US"}]}},"_links":{"self":[{"href":"https:\/\/www.pklaw.se\/sv\/wp-json\/wp\/v2\/pages\/805","targetHints":{"allow":["GET"]}}],"collection":[{"href":"https:\/\/www.pklaw.se\/sv\/wp-json\/wp\/v2\/pages"}],"about":[{"href":"https:\/\/www.pklaw.se\/sv\/wp-json\/wp\/v2\/types\/page"}],"author":[{"embeddable":true,"href":"https:\/\/www.pklaw.se\/sv\/wp-json\/wp\/v2\/users\/5"}],"replies":[{"embeddable":true,"href":"https:\/\/www.pklaw.se\/sv\/wp-json\/wp\/v2\/comments?post=805"}],"version-history":[{"count":49,"href":"https:\/\/www.pklaw.se\/sv\/wp-json\/wp\/v2\/pages\/805\/revisions"}],"predecessor-version":[{"id":1095,"href":"https:\/\/www.pklaw.se\/sv\/wp-json\/wp\/v2\/pages\/805\/revisions\/1095"}],"wp:attachment":[{"href":"https:\/\/www.pklaw.se\/sv\/wp-json\/wp\/v2\/media?parent=805"}],"curies":[{"name":"wp","href":"https:\/\/api.w.org\/{rel}","templated":true}]}}