{"id":980,"date":"2025-10-22T12:32:02","date_gmt":"2025-10-22T12:32:02","guid":{"rendered":"https:\/\/www.pklaw.se\/sv\/?page_id=980"},"modified":"2025-10-22T13:00:57","modified_gmt":"2025-10-22T13:00:57","slug":"per-hellstrom","status":"publish","type":"page","link":"https:\/\/www.pklaw.se\/sv\/per-hellstrom\/","title":{"rendered":"Per Hellstr\u00f6m"},"content":{"rendered":"\t\t<div data-elementor-type=\"wp-page\" data-elementor-id=\"980\" class=\"elementor elementor-980\" data-elementor-settings=\"{&quot;ha_cmc_init_switcher&quot;:&quot;no&quot;}\">\n\t\t\t\t\t\t<section class=\"elementor-section elementor-top-section elementor-element elementor-element-2644d96e elementor-section-height-min-height elementor-section-boxed elementor-section-height-default elementor-section-items-middle\" data-id=\"2644d96e\" data-element_type=\"section\" data-e-type=\"section\" data-settings=\"{&quot;background_background&quot;:&quot;classic&quot;,&quot;_ha_eqh_enable&quot;:false}\">\n\t\t\t\t\t\t\t<div class=\"elementor-background-overlay\"><\/div>\n\t\t\t\t\t\t\t<div class=\"elementor-container elementor-column-gap-default\">\n\t\t\t\t\t<div class=\"elementor-column elementor-col-33 elementor-top-column elementor-element elementor-element-82a03eb elementor-hidden-mobile\" data-id=\"82a03eb\" data-element_type=\"column\" data-e-type=\"column\">\n\t\t\t<div class=\"elementor-widget-wrap\">\n\t\t\t\t\t\t\t<\/div>\n\t\t<\/div>\n\t\t\t\t<div class=\"elementor-column elementor-col-33 elementor-top-column elementor-element elementor-element-6b7095e4\" data-id=\"6b7095e4\" data-element_type=\"column\" data-e-type=\"column\" data-settings=\"{&quot;background_background&quot;:&quot;classic&quot;}\">\n\t\t\t<div class=\"elementor-widget-wrap elementor-element-populated\">\n\t\t\t\t\t\t<div class=\"elementor-element elementor-element-3db2353c elementor-widget elementor-widget-heading\" data-id=\"3db2353c\" data-element_type=\"widget\" data-e-type=\"widget\" data-widget_type=\"heading.default\">\n\t\t\t\t<div class=\"elementor-widget-container\">\n\t\t\t\t\t<h1 class=\"elementor-heading-title elementor-size-default\">Counsel Per Hellstr\u00f6m<\/h1>\t\t\t\t<\/div>\n\t\t\t\t<\/div>\n\t\t\t\t\t<\/div>\n\t\t<\/div>\n\t\t\t\t<div class=\"elementor-column elementor-col-33 elementor-top-column elementor-element elementor-element-2e2c085c elementor-hidden-mobile\" data-id=\"2e2c085c\" data-element_type=\"column\" data-e-type=\"column\">\n\t\t\t<div class=\"elementor-widget-wrap\">\n\t\t\t\t\t\t\t<\/div>\n\t\t<\/div>\n\t\t\t\t\t<\/div>\n\t\t<\/section>\n\t\t\t\t<section class=\"elementor-section elementor-top-section elementor-element elementor-element-d223866 elementor-section-boxed elementor-section-height-default elementor-section-height-default\" data-id=\"d223866\" data-element_type=\"section\" data-e-type=\"section\" data-settings=\"{&quot;_ha_eqh_enable&quot;:false}\">\n\t\t\t\t\t\t<div class=\"elementor-container elementor-column-gap-default\">\n\t\t\t\t\t<div class=\"elementor-column elementor-col-100 elementor-top-column elementor-element elementor-element-7960fe48\" data-id=\"7960fe48\" data-element_type=\"column\" data-e-type=\"column\">\n\t\t\t<div class=\"elementor-widget-wrap elementor-element-populated\">\n\t\t\t\t\t\t<section class=\"elementor-section elementor-inner-section elementor-element elementor-element-4a4fca8 elementor-section-boxed elementor-section-height-default elementor-section-height-default\" data-id=\"4a4fca8\" data-element_type=\"section\" data-e-type=\"section\" data-settings=\"{&quot;_ha_eqh_enable&quot;:false}\">\n\t\t\t\t\t\t<div class=\"elementor-container elementor-column-gap-default\">\n\t\t\t\t\t<div class=\"elementor-column elementor-col-50 elementor-inner-column elementor-element elementor-element-7cb7ea0c\" data-id=\"7cb7ea0c\" data-element_type=\"column\" data-e-type=\"column\">\n\t\t\t<div class=\"elementor-widget-wrap elementor-element-populated\">\n\t\t\t\t\t\t<div class=\"elementor-element elementor-element-50e0ccc1 anchor elementor-widget elementor-widget-menu-anchor\" data-id=\"50e0ccc1\" data-element_type=\"widget\" data-e-type=\"widget\" data-widget_type=\"menu-anchor.default\">\n\t\t\t\t<div class=\"elementor-widget-container\">\n\t\t\t\t\t\t\t<div class=\"elementor-menu-anchor\" id=\"tp\"><\/div>\n\t\t\t\t\t\t<\/div>\n\t\t\t\t<\/div>\n\t\t\t\t<div class=\"elementor-element elementor-element-5079dab6 elementor-hidden-desktop elementor-hidden-tablet elementor-widget elementor-widget-heading\" data-id=\"5079dab6\" data-element_type=\"widget\" data-e-type=\"widget\" data-widget_type=\"heading.default\">\n\t\t\t\t<div class=\"elementor-widget-container\">\n\t\t\t\t\t<h2 class=\"elementor-heading-title elementor-size-default\">M\u00f6t Counsel Per Hellstr\u00f6m<\/h2>\t\t\t\t<\/div>\n\t\t\t\t<\/div>\n\t\t\t\t<div class=\"elementor-element elementor-element-44f98d1 elementor-invisible elementor-widget elementor-widget-image\" data-id=\"44f98d1\" data-element_type=\"widget\" data-e-type=\"widget\" data-settings=\"{&quot;_animation&quot;:&quot;fadeInLeft&quot;}\" data-widget_type=\"image.default\">\n\t\t\t\t<div class=\"elementor-widget-container\">\n\t\t\t\t\t\t\t\t\t\t\t\t\t\t\t<img decoding=\"async\" src=\"https:\/\/www.pklaw.se\/sv\/wp-content\/uploads\/2025\/10\/DSC01107.jpg\" title=\"\" alt=\"\" loading=\"lazy\" \/>\t\t\t\t\t\t\t\t\t\t\t\t\t\t\t<\/div>\n\t\t\t\t<\/div>\n\t\t\t\t\t<\/div>\n\t\t<\/div>\n\t\t\t\t<div class=\"elementor-column elementor-col-50 elementor-inner-column elementor-element elementor-element-16c3490e\" data-id=\"16c3490e\" data-element_type=\"column\" data-e-type=\"column\">\n\t\t\t<div class=\"elementor-widget-wrap elementor-element-populated\">\n\t\t\t\t\t\t<div class=\"elementor-element elementor-element-4fa26dde elementor-hidden-mobile elementor-widget elementor-widget-heading\" data-id=\"4fa26dde\" data-element_type=\"widget\" data-e-type=\"widget\" data-widget_type=\"heading.default\">\n\t\t\t\t<div class=\"elementor-widget-container\">\n\t\t\t\t\t<h2 class=\"elementor-heading-title elementor-size-default\">M\u00f6t Counsel Per Hellstr\u00f6m<\/h2>\t\t\t\t<\/div>\n\t\t\t\t<\/div>\n\t\t\t\t<div class=\"elementor-element elementor-element-46bda93c elementor-widget elementor-widget-text-editor\" data-id=\"46bda93c\" data-element_type=\"widget\" data-e-type=\"widget\" data-widget_type=\"text-editor.default\">\n\t\t\t\t<div class=\"elementor-widget-container\">\n\t\t\t\t\t\t\t\t\t<div data-id=\"95a6e01\" data-element_type=\"widget\" data-widget_type=\"text-editor.default\"><p>Per har \u00f6ver 25 \u00e5rs erfarenhet av teknikr\u00e4tt och reglering. Han har haft flera chefsbefattningar inom EU-kommissionens konkurrensdirektorat med inriktning p\u00e5 digitala marknader och har ocks\u00e5 processat f\u00f6r EU-kommissionen i k\u00e4nda m\u00e5l i EU-domstolen som i m\u00e5let mot Microsoft och mot General Electrics f\u00f6rv\u00e4rv av Honeywell.\u00a0<\/p><p>Han har \u00e4ven d\u00e4refter arbetat som internationell legal director f\u00f6r Apple i 10 \u00e5r med ett brett ansvarsomr\u00e5de. De senaste tv\u00e5 \u00e5ren har han varit knuten till Advokatfirman Vinge.<\/p><\/div>\t\t\t\t\t\t\t\t<\/div>\n\t\t\t\t<\/div>\n\t\t\t\t\t<\/div>\n\t\t<\/div>\n\t\t\t\t\t<\/div>\n\t\t<\/section>\n\t\t\t\t\t<\/div>\n\t\t<\/div>\n\t\t\t\t\t<\/div>\n\t\t<\/section>\n\t\t\t\t<section class=\"elementor-section elementor-top-section elementor-element elementor-element-5dfa841c elementor-section-boxed elementor-section-height-default elementor-section-height-default\" data-id=\"5dfa841c\" data-element_type=\"section\" data-e-type=\"section\" data-settings=\"{&quot;_ha_eqh_enable&quot;:false}\">\n\t\t\t\t\t\t<div class=\"elementor-container elementor-column-gap-default\">\n\t\t\t\t\t<div class=\"elementor-column elementor-col-50 elementor-top-column elementor-element elementor-element-46977e2d\" data-id=\"46977e2d\" data-element_type=\"column\" data-e-type=\"column\">\n\t\t\t<div class=\"elementor-widget-wrap elementor-element-populated\">\n\t\t\t\t\t\t<div class=\"elementor-element elementor-element-4ad8b81a elementor-widget elementor-widget-heading\" data-id=\"4ad8b81a\" data-element_type=\"widget\" data-e-type=\"widget\" data-widget_type=\"heading.default\">\n\t\t\t\t<div class=\"elementor-widget-container\">\n\t\t\t\t\t<h2 class=\"elementor-heading-title elementor-size-default\">Utbildning<\/h2>\t\t\t\t<\/div>\n\t\t\t\t<\/div>\n\t\t\t\t<div class=\"elementor-element elementor-element-7c2b06d elementor-widget elementor-widget-text-editor\" data-id=\"7c2b06d\" data-element_type=\"widget\" data-e-type=\"widget\" data-widget_type=\"text-editor.default\">\n\t\t\t\t<div class=\"elementor-widget-container\">\n\t\t\t\t\t\t\t\t\t<p>Lunds Universitet, jur kand<\/p>\t\t\t\t\t\t\t\t<\/div>\n\t\t\t\t<\/div>\n\t\t\t\t<div class=\"elementor-element elementor-element-3a5d7eb4 elementor-widget elementor-widget-heading\" data-id=\"3a5d7eb4\" data-element_type=\"widget\" data-e-type=\"widget\" data-widget_type=\"heading.default\">\n\t\t\t\t<div class=\"elementor-widget-container\">\n\t\t\t\t\t<h2 class=\"elementor-heading-title elementor-size-default\">Spr\u00e5k<\/h2>\t\t\t\t<\/div>\n\t\t\t\t<\/div>\n\t\t\t\t<div class=\"elementor-element elementor-element-7a247a39 elementor-icon-list--layout-traditional elementor-list-item-link-full_width elementor-widget elementor-widget-icon-list\" data-id=\"7a247a39\" data-element_type=\"widget\" data-e-type=\"widget\" data-widget_type=\"icon-list.default\">\n\t\t\t\t<div class=\"elementor-widget-container\">\n\t\t\t\t\t\t\t<ul class=\"elementor-icon-list-items\">\n\t\t\t\t\t\t\t<li class=\"elementor-icon-list-item\">\n\t\t\t\t\t\t\t\t\t\t\t<span class=\"elementor-icon-list-icon\">\n\t\t\t\t\t\t\t<i aria-hidden=\"true\" class=\"fas fa-dot-circle\"><\/i>\t\t\t\t\t\t<\/span>\n\t\t\t\t\t\t\t\t\t\t<span class=\"elementor-icon-list-text\">Svenska<\/span>\n\t\t\t\t\t\t\t\t\t<\/li>\n\t\t\t\t\t\t\t\t<li class=\"elementor-icon-list-item\">\n\t\t\t\t\t\t\t\t\t\t\t<span class=\"elementor-icon-list-icon\">\n\t\t\t\t\t\t\t<i aria-hidden=\"true\" class=\"fas fa-dot-circle\"><\/i>\t\t\t\t\t\t<\/span>\n\t\t\t\t\t\t\t\t\t\t<span class=\"elementor-icon-list-text\">Engelska<\/span>\n\t\t\t\t\t\t\t\t\t<\/li>\n\t\t\t\t\t\t<\/ul>\n\t\t\t\t\t\t<\/div>\n\t\t\t\t<\/div>\n\t\t\t\t<div class=\"elementor-element elementor-element-6ef87b0e elementor-widget elementor-widget-heading\" data-id=\"6ef87b0e\" data-element_type=\"widget\" data-e-type=\"widget\" data-widget_type=\"heading.default\">\n\t\t\t\t<div class=\"elementor-widget-container\">\n\t\t\t\t\t<h2 class=\"elementor-heading-title elementor-size-default\">Kontakt<\/h2>\t\t\t\t<\/div>\n\t\t\t\t<\/div>\n\t\t\t\t<div class=\"elementor-element elementor-element-445e03d2 elementor-icon-list--layout-traditional elementor-list-item-link-full_width elementor-widget elementor-widget-icon-list\" data-id=\"445e03d2\" data-element_type=\"widget\" data-e-type=\"widget\" data-widget_type=\"icon-list.default\">\n\t\t\t\t<div class=\"elementor-widget-container\">\n\t\t\t\t\t\t\t<ul class=\"elementor-icon-list-items\">\n\t\t\t\t\t\t\t<li class=\"elementor-icon-list-item\">\n\t\t\t\t\t\t\t\t\t\t\t<a href=\"mailto:ph@pklaw.se\">\n\n\t\t\t\t\t\t\t\t\t\t\t\t<span class=\"elementor-icon-list-icon\">\n\t\t\t\t\t\t\t<i aria-hidden=\"true\" class=\"fas fa-envelope\"><\/i>\t\t\t\t\t\t<\/span>\n\t\t\t\t\t\t\t\t\t\t<span class=\"elementor-icon-list-text\">ph@pklaw.se<\/span>\n\t\t\t\t\t\t\t\t\t\t\t<\/a>\n\t\t\t\t\t\t\t\t\t<\/li>\n\t\t\t\t\t\t\t\t<li class=\"elementor-icon-list-item\">\n\t\t\t\t\t\t\t\t\t\t\t<a href=\"tel:+46%2070%20640%2003%2022\">\n\n\t\t\t\t\t\t\t\t\t\t\t\t<span class=\"elementor-icon-list-icon\">\n\t\t\t\t\t\t\t<i aria-hidden=\"true\" class=\"fas fa-phone-alt\"><\/i>\t\t\t\t\t\t<\/span>\n\t\t\t\t\t\t\t\t\t\t<span class=\"elementor-icon-list-text\">+46 70 640 03 22<\/span>\n\t\t\t\t\t\t\t\t\t\t\t<\/a>\n\t\t\t\t\t\t\t\t\t<\/li>\n\t\t\t\t\t\t<\/ul>\n\t\t\t\t\t\t<\/div>\n\t\t\t\t<\/div>\n\t\t\t\t\t<\/div>\n\t\t<\/div>\n\t\t\t\t<div class=\"elementor-column elementor-col-50 elementor-top-column elementor-element elementor-element-5e38eb21\" data-id=\"5e38eb21\" data-element_type=\"column\" data-e-type=\"column\">\n\t\t\t<div class=\"elementor-widget-wrap elementor-element-populated\">\n\t\t\t\t\t\t<div class=\"elementor-element elementor-element-5382480b elementor-widget elementor-widget-heading\" data-id=\"5382480b\" data-element_type=\"widget\" data-e-type=\"widget\" data-widget_type=\"heading.default\">\n\t\t\t\t<div class=\"elementor-widget-container\">\n\t\t\t\t\t<h2 class=\"elementor-heading-title elementor-size-default\">Expertis<\/h2>\t\t\t\t<\/div>\n\t\t\t\t<\/div>\n\t\t\t\t<div class=\"elementor-element elementor-element-96b50af elementor-icon-list--layout-traditional elementor-list-item-link-full_width elementor-widget elementor-widget-icon-list\" data-id=\"96b50af\" data-element_type=\"widget\" data-e-type=\"widget\" data-widget_type=\"icon-list.default\">\n\t\t\t\t<div class=\"elementor-widget-container\">\n\t\t\t\t\t\t\t<ul class=\"elementor-icon-list-items\">\n\t\t\t\t\t\t\t<li class=\"elementor-icon-list-item\">\n\t\t\t\t\t\t\t\t\t\t\t<span class=\"elementor-icon-list-icon\">\n\t\t\t\t\t\t\t<i aria-hidden=\"true\" class=\"fas fa-dot-circle\"><\/i>\t\t\t\t\t\t<\/span>\n\t\t\t\t\t\t\t\t\t\t<span class=\"elementor-icon-list-text\">Konkurrensr\u00e4tt<\/span>\n\t\t\t\t\t\t\t\t\t<\/li>\n\t\t\t\t\t\t\t\t<li class=\"elementor-icon-list-item\">\n\t\t\t\t\t\t\t\t\t\t\t<span class=\"elementor-icon-list-icon\">\n\t\t\t\t\t\t\t<i aria-hidden=\"true\" class=\"fas fa-dot-circle\"><\/i>\t\t\t\t\t\t<\/span>\n\t\t\t\t\t\t\t\t\t\t<span class=\"elementor-icon-list-text\"><span>Processr\u00e4tt<\/span><\/span>\n\t\t\t\t\t\t\t\t\t<\/li>\n\t\t\t\t\t\t\t\t<li class=\"elementor-icon-list-item\">\n\t\t\t\t\t\t\t\t\t\t\t<span class=\"elementor-icon-list-icon\">\n\t\t\t\t\t\t\t<i aria-hidden=\"true\" class=\"fas fa-dot-circle\"><\/i>\t\t\t\t\t\t<\/span>\n\t\t\t\t\t\t\t\t\t\t<span class=\"elementor-icon-list-text\"><span>EU-r\u00e4tt<\/span><\/span>\n\t\t\t\t\t\t\t\t\t<\/li>\n\t\t\t\t\t\t\t\t<li class=\"elementor-icon-list-item\">\n\t\t\t\t\t\t\t\t\t\t\t<span class=\"elementor-icon-list-icon\">\n\t\t\t\t\t\t\t<i aria-hidden=\"true\" class=\"fas fa-dot-circle\"><\/i>\t\t\t\t\t\t<\/span>\n\t\t\t\t\t\t\t\t\t\t<span class=\"elementor-icon-list-text\"><span>Teknikr\u00e4tt och reglering<\/span><\/span>\n\t\t\t\t\t\t\t\t\t<\/li>\n\t\t\t\t\t\t\t\t<li class=\"elementor-icon-list-item\">\n\t\t\t\t\t\t\t\t\t\t\t<span class=\"elementor-icon-list-icon\">\n\t\t\t\t\t\t\t<i aria-hidden=\"true\" class=\"fas fa-dot-circle\"><\/i>\t\t\t\t\t\t<\/span>\n\t\t\t\t\t\t\t\t\t\t<span class=\"elementor-icon-list-text\"><span>Marknads- och sektorsregler<\/span><\/span>\n\t\t\t\t\t\t\t\t\t<\/li>\n\t\t\t\t\t\t<\/ul>\n\t\t\t\t\t\t<\/div>\n\t\t\t\t<\/div>\n\t\t\t\t\t<\/div>\n\t\t<\/div>\n\t\t\t\t\t<\/div>\n\t\t<\/section>\n\t\t\t\t<section class=\"elementor-section elementor-top-section elementor-element elementor-element-7106a387 elementor-section-boxed elementor-section-height-default elementor-section-height-default\" data-id=\"7106a387\" data-element_type=\"section\" data-e-type=\"section\" data-settings=\"{&quot;_ha_eqh_enable&quot;:false}\">\n\t\t\t\t\t\t<div class=\"elementor-container elementor-column-gap-default\">\n\t\t\t\t\t<div class=\"elementor-column elementor-col-100 elementor-top-column elementor-element elementor-element-6c8c44fe\" data-id=\"6c8c44fe\" data-element_type=\"column\" data-e-type=\"column\">\n\t\t\t<div class=\"elementor-widget-wrap elementor-element-populated\">\n\t\t\t\t\t\t<div class=\"elementor-element elementor-element-3347d84c elementor-align-center elementor-widget elementor-widget-button\" data-id=\"3347d84c\" data-element_type=\"widget\" data-e-type=\"widget\" data-widget_type=\"button.default\">\n\t\t\t\t<div class=\"elementor-widget-container\">\n\t\t\t\t\t\t\t\t\t<div class=\"elementor-button-wrapper\">\n\t\t\t\t\t<a class=\"elementor-button elementor-button-link elementor-size-sm elementor-animation-grow\" href=\"\/sv\/\">\n\t\t\t\t\t\t<span class=\"elementor-button-content-wrapper\">\n\t\t\t\t\t\t<span class=\"elementor-button-icon\">\n\t\t\t\t<i aria-hidden=\"true\" class=\"fas fa-arrow-alt-circle-left\"><\/i>\t\t\t<\/span>\n\t\t\t\t\t\t\t\t\t<span class=\"elementor-button-text\">Till hemsidan<\/span>\n\t\t\t\t\t<\/span>\n\t\t\t\t\t<\/a>\n\t\t\t\t<\/div>\n\t\t\t\t\t\t\t\t<\/div>\n\t\t\t\t<\/div>\n\t\t\t\t\t<\/div>\n\t\t<\/div>\n\t\t\t\t\t<\/div>\n\t\t<\/section>\n\t\t\t\t<\/div>\n\t\t","protected":false},"excerpt":{"rendered":"<p>Counsel Per Hellstr\u00f6m M\u00f6t Counsel Per Hellstr\u00f6m M\u00f6t Counsel Per Hellstr\u00f6m Per har \u00f6ver 25 \u00e5rs erfarenhet av teknikr\u00e4tt och reglering. Han har haft flera chefsbefattningar inom EU-kommissionens konkurrensdirektorat med inriktning p\u00e5 digitala marknader och har ocks\u00e5 processat f\u00f6r EU-kommissionen i k\u00e4nda m\u00e5l i EU-domstolen som i m\u00e5let mot Microsoft och mot General Electrics f\u00f6rv\u00e4rv [&hellip;]<\/p>\n","protected":false},"author":5,"featured_media":0,"parent":0,"menu_order":2,"comment_status":"closed","ping_status":"closed","template":"","meta":{"footnotes":""},"class_list":["post-980","page","type-page","status-publish","hentry"],"yoast_head":"<!-- This site is optimized with the Yoast SEO plugin v27.5 - https:\/\/yoast.com\/product\/yoast-seo-wordpress\/ -->\n<title>Per Hellstr\u00f6m - Advokatfirman Per Karlsson &amp; Co<\/title>\n<meta name=\"robots\" content=\"index, follow, max-snippet:-1, max-image-preview:large, max-video-preview:-1\" \/>\n<link rel=\"canonical\" href=\"https:\/\/www.pklaw.se\/sv\/per-hellstrom\/\" \/>\n<meta property=\"og:locale\" content=\"en_US\" \/>\n<meta property=\"og:type\" content=\"article\" \/>\n<meta property=\"og:title\" content=\"Per Hellstr\u00f6m - Advokatfirman Per Karlsson &amp; Co\" \/>\n<meta property=\"og:description\" content=\"Counsel Per Hellstr\u00f6m M\u00f6t Counsel Per Hellstr\u00f6m M\u00f6t Counsel Per Hellstr\u00f6m Per har \u00f6ver 25 \u00e5rs erfarenhet av teknikr\u00e4tt och reglering. Han har haft flera chefsbefattningar inom EU-kommissionens konkurrensdirektorat med inriktning p\u00e5 digitala marknader och har ocks\u00e5 processat f\u00f6r EU-kommissionen i k\u00e4nda m\u00e5l i EU-domstolen som i m\u00e5let mot Microsoft och mot General Electrics f\u00f6rv\u00e4rv [&hellip;]\" \/>\n<meta property=\"og:url\" content=\"https:\/\/www.pklaw.se\/sv\/per-hellstrom\/\" \/>\n<meta property=\"og:site_name\" content=\"Advokatfirman Per Karlsson &amp; Co\" \/>\n<meta property=\"article:modified_time\" content=\"2025-10-22T13:00:57+00:00\" \/>\n<meta property=\"og:image\" content=\"https:\/\/www.pklaw.se\/sv\/wp-content\/uploads\/2025\/10\/DSC01107.jpg\" \/>\n<meta name=\"twitter:card\" content=\"summary_large_image\" \/>\n<meta name=\"twitter:label1\" content=\"Est. reading time\" \/>\n\t<meta name=\"twitter:data1\" content=\"1 minute\" \/>\n<script type=\"application\/ld+json\" class=\"yoast-schema-graph\">{\"@context\":\"https:\\\/\\\/schema.org\",\"@graph\":[{\"@type\":\"WebPage\",\"@id\":\"https:\\\/\\\/www.pklaw.se\\\/sv\\\/per-hellstrom\\\/\",\"url\":\"https:\\\/\\\/www.pklaw.se\\\/sv\\\/per-hellstrom\\\/\",\"name\":\"Per Hellstr\u00f6m - Advokatfirman Per Karlsson &amp; Co\",\"isPartOf\":{\"@id\":\"https:\\\/\\\/www.pklaw.se\\\/sv\\\/#website\"},\"primaryImageOfPage\":{\"@id\":\"https:\\\/\\\/www.pklaw.se\\\/sv\\\/per-hellstrom\\\/#primaryimage\"},\"image\":{\"@id\":\"https:\\\/\\\/www.pklaw.se\\\/sv\\\/per-hellstrom\\\/#primaryimage\"},\"thumbnailUrl\":\"https:\\\/\\\/www.pklaw.se\\\/sv\\\/wp-content\\\/uploads\\\/2025\\\/10\\\/DSC01107.jpg\",\"datePublished\":\"2025-10-22T12:32:02+00:00\",\"dateModified\":\"2025-10-22T13:00:57+00:00\",\"breadcrumb\":{\"@id\":\"https:\\\/\\\/www.pklaw.se\\\/sv\\\/per-hellstrom\\\/#breadcrumb\"},\"inLanguage\":\"en-US\",\"potentialAction\":[{\"@type\":\"ReadAction\",\"target\":[\"https:\\\/\\\/www.pklaw.se\\\/sv\\\/per-hellstrom\\\/\"]}]},{\"@type\":\"ImageObject\",\"inLanguage\":\"en-US\",\"@id\":\"https:\\\/\\\/www.pklaw.se\\\/sv\\\/per-hellstrom\\\/#primaryimage\",\"url\":\"https:\\\/\\\/www.pklaw.se\\\/sv\\\/wp-content\\\/uploads\\\/2025\\\/10\\\/DSC01107.jpg\",\"contentUrl\":\"https:\\\/\\\/www.pklaw.se\\\/sv\\\/wp-content\\\/uploads\\\/2025\\\/10\\\/DSC01107.jpg\"},{\"@type\":\"BreadcrumbList\",\"@id\":\"https:\\\/\\\/www.pklaw.se\\\/sv\\\/per-hellstrom\\\/#breadcrumb\",\"itemListElement\":[{\"@type\":\"ListItem\",\"position\":1,\"name\":\"Home\",\"item\":\"https:\\\/\\\/www.pklaw.se\\\/sv\\\/\"},{\"@type\":\"ListItem\",\"position\":2,\"name\":\"Per Hellstr\u00f6m\"}]},{\"@type\":\"WebSite\",\"@id\":\"https:\\\/\\\/www.pklaw.se\\\/sv\\\/#website\",\"url\":\"https:\\\/\\\/www.pklaw.se\\\/sv\\\/\",\"name\":\"Advokatfirman Per Karlsson &amp; Co\",\"description\":\"\",\"potentialAction\":[{\"@type\":\"SearchAction\",\"target\":{\"@type\":\"EntryPoint\",\"urlTemplate\":\"https:\\\/\\\/www.pklaw.se\\\/sv\\\/?s={search_term_string}\"},\"query-input\":{\"@type\":\"PropertyValueSpecification\",\"valueRequired\":true,\"valueName\":\"search_term_string\"}}],\"inLanguage\":\"en-US\"}]}<\/script>\n<!-- \/ Yoast SEO plugin. -->","yoast_head_json":{"title":"Per Hellstr\u00f6m - Advokatfirman Per Karlsson &amp; Co","robots":{"index":"index","follow":"follow","max-snippet":"max-snippet:-1","max-image-preview":"max-image-preview:large","max-video-preview":"max-video-preview:-1"},"canonical":"https:\/\/www.pklaw.se\/sv\/per-hellstrom\/","og_locale":"en_US","og_type":"article","og_title":"Per Hellstr\u00f6m - Advokatfirman Per Karlsson &amp; Co","og_description":"Counsel Per Hellstr\u00f6m M\u00f6t Counsel Per Hellstr\u00f6m M\u00f6t Counsel Per Hellstr\u00f6m Per har \u00f6ver 25 \u00e5rs erfarenhet av teknikr\u00e4tt och reglering. Han har haft flera chefsbefattningar inom EU-kommissionens konkurrensdirektorat med inriktning p\u00e5 digitala marknader och har ocks\u00e5 processat f\u00f6r EU-kommissionen i k\u00e4nda m\u00e5l i EU-domstolen som i m\u00e5let mot Microsoft och mot General Electrics f\u00f6rv\u00e4rv [&hellip;]","og_url":"https:\/\/www.pklaw.se\/sv\/per-hellstrom\/","og_site_name":"Advokatfirman Per Karlsson &amp; Co","article_modified_time":"2025-10-22T13:00:57+00:00","og_image":[{"url":"https:\/\/www.pklaw.se\/sv\/wp-content\/uploads\/2025\/10\/DSC01107.jpg","type":"","width":"","height":""}],"twitter_card":"summary_large_image","twitter_misc":{"Est. reading time":"1 minute"},"schema":{"@context":"https:\/\/schema.org","@graph":[{"@type":"WebPage","@id":"https:\/\/www.pklaw.se\/sv\/per-hellstrom\/","url":"https:\/\/www.pklaw.se\/sv\/per-hellstrom\/","name":"Per Hellstr\u00f6m - Advokatfirman Per Karlsson &amp; Co","isPartOf":{"@id":"https:\/\/www.pklaw.se\/sv\/#website"},"primaryImageOfPage":{"@id":"https:\/\/www.pklaw.se\/sv\/per-hellstrom\/#primaryimage"},"image":{"@id":"https:\/\/www.pklaw.se\/sv\/per-hellstrom\/#primaryimage"},"thumbnailUrl":"https:\/\/www.pklaw.se\/sv\/wp-content\/uploads\/2025\/10\/DSC01107.jpg","datePublished":"2025-10-22T12:32:02+00:00","dateModified":"2025-10-22T13:00:57+00:00","breadcrumb":{"@id":"https:\/\/www.pklaw.se\/sv\/per-hellstrom\/#breadcrumb"},"inLanguage":"en-US","potentialAction":[{"@type":"ReadAction","target":["https:\/\/www.pklaw.se\/sv\/per-hellstrom\/"]}]},{"@type":"ImageObject","inLanguage":"en-US","@id":"https:\/\/www.pklaw.se\/sv\/per-hellstrom\/#primaryimage","url":"https:\/\/www.pklaw.se\/sv\/wp-content\/uploads\/2025\/10\/DSC01107.jpg","contentUrl":"https:\/\/www.pklaw.se\/sv\/wp-content\/uploads\/2025\/10\/DSC01107.jpg"},{"@type":"BreadcrumbList","@id":"https:\/\/www.pklaw.se\/sv\/per-hellstrom\/#breadcrumb","itemListElement":[{"@type":"ListItem","position":1,"name":"Home","item":"https:\/\/www.pklaw.se\/sv\/"},{"@type":"ListItem","position":2,"name":"Per Hellstr\u00f6m"}]},{"@type":"WebSite","@id":"https:\/\/www.pklaw.se\/sv\/#website","url":"https:\/\/www.pklaw.se\/sv\/","name":"Advokatfirman Per Karlsson &amp; Co","description":"","potentialAction":[{"@type":"SearchAction","target":{"@type":"EntryPoint","urlTemplate":"https:\/\/www.pklaw.se\/sv\/?s={search_term_string}"},"query-input":{"@type":"PropertyValueSpecification","valueRequired":true,"valueName":"search_term_string"}}],"inLanguage":"en-US"}]}},"_links":{"self":[{"href":"https:\/\/www.pklaw.se\/sv\/wp-json\/wp\/v2\/pages\/980","targetHints":{"allow":["GET"]}}],"collection":[{"href":"https:\/\/www.pklaw.se\/sv\/wp-json\/wp\/v2\/pages"}],"about":[{"href":"https:\/\/www.pklaw.se\/sv\/wp-json\/wp\/v2\/types\/page"}],"author":[{"embeddable":true,"href":"https:\/\/www.pklaw.se\/sv\/wp-json\/wp\/v2\/users\/5"}],"replies":[{"embeddable":true,"href":"https:\/\/www.pklaw.se\/sv\/wp-json\/wp\/v2\/comments?post=980"}],"version-history":[{"count":64,"href":"https:\/\/www.pklaw.se\/sv\/wp-json\/wp\/v2\/pages\/980\/revisions"}],"predecessor-version":[{"id":1063,"href":"https:\/\/www.pklaw.se\/sv\/wp-json\/wp\/v2\/pages\/980\/revisions\/1063"}],"wp:attachment":[{"href":"https:\/\/www.pklaw.se\/sv\/wp-json\/wp\/v2\/media?parent=980"}],"curies":[{"name":"wp","href":"https:\/\/api.w.org\/{rel}","templated":true}]}}